{"id":1068,"date":"2022-04-03T09:23:09","date_gmt":"2022-04-03T09:23:09","guid":{"rendered":"https:\/\/www.unallarmakina.com.tr\/?page_id=1068"},"modified":"2022-04-03T10:05:39","modified_gmt":"2022-04-03T10:05:39","slug":"urun-gruplari","status":"publish","type":"page","link":"https:\/\/www.unallarmakina.com.tr\/ru\/urun-gruplari\/","title":{"rendered":"\u0413\u0420\u0423\u041f\u041f\u042b \u041f\u0420\u041e\u0414\u0423\u041a\u0426\u0418\u0418"},"content":{"rendered":"<div class=\"vc_row wpb_row position-relative pb-5 vc_custom_1648977769812 porto-inner-container\"><div class=\"porto-wrap-container container\"><div class=\"row\"><div class=\"text-center vc_column_container col-md-12\" data-appear-animation=\"fadeInUp\" data-appear-animation-delay=\"1000\"><div class=\"wpb_wrapper vc_column-inner\"><div class=\"vc_row wpb_row vc_inner row\"><div class=\"vc_column_container col-md-4\"><div class=\"wpb_wrapper vc_column-inner\"><div class=\"porto-image-frame\"><span class=\"thumb-info thumb-info-lighten\"><a href=\"https:\/\/www.unallarmakina.com.tr\/ru\/urun-gruplari\/hidrolik-uniteler\/\" title=\"\" target=\"_self\"><span class=\"thumb-info-wrapper\"><img loading=\"lazy\" decoding=\"async\" alt=\"\" src=\"\/\/www.unallarmakina.com.tr\/wp-content\/uploads\/2022\/04\/hidrolik-uniteler.jpg\" class=\"img-responsive\" width=\"600\" height=\"600\"><span class=\"thumb-info-title\"><span class=\"thumb-info-inner\">\u0413\u0438\u0434\u0440\u0430\u0432\u043b\u0438\u0447\u0435\u0441\u043a\u0438\u0435 \u0430\u0433\u0440\u0435\u0433\u0430\u0442\u044b<em><\/em><\/span><span class=\"thumb-info-type\">\u0422\u041e\u0412\u0410\u0420\u042b<\/span><\/span><span class=\"thumb-info-action\"><span class=\"thumb-info-action-icon\"><i class=\"fas fa-link\"><\/i><\/span><\/span><\/span><\/a><\/span><\/div><\/div><\/div><div class=\"vc_column_container col-md-4\"><div class=\"wpb_wrapper vc_column-inner\"><div class=\"porto-image-frame\"><span class=\"thumb-info thumb-info-lighten\"><a href=\"https:\/\/www.unallarmakina.com.tr\/ru\/urun-gruplari\/hidrolik-silindirler\/\" title=\"\" target=\"_self\"><span class=\"thumb-info-wrapper\"><img loading=\"lazy\" decoding=\"async\" alt=\"\" src=\"\/\/www.unallarmakina.com.tr\/wp-content\/uploads\/2022\/04\/hidrolik-silindirler.jpg\" class=\"img-responsive\" width=\"600\" height=\"600\"><span class=\"thumb-info-title\"><span class=\"thumb-info-inner\">\u0413\u0438\u0434\u0440\u0430\u0432\u043b\u0438\u0447\u0435\u0441\u043a\u0438\u0435 \u0446\u0438\u043b\u0438\u043d\u0434\u0440\u044b<em><\/em><\/span><span class=\"thumb-info-type\">\u0422\u041e\u0412\u0410\u0420\u042b<\/span><\/span><span class=\"thumb-info-action\"><span class=\"thumb-info-action-icon\"><i class=\"fas fa-link\"><\/i><\/span><\/span><\/span><\/a><\/span><\/div><\/div><\/div><div class=\"vc_column_container col-md-4\"><div class=\"wpb_wrapper vc_column-inner\"><div class=\"porto-image-frame\"><span class=\"thumb-info thumb-info-lighten\"><a href=\"https:\/\/www.unallarmakina.com.tr\/ru\/urun-gruplari\/hidrolik-pompalar\/\" title=\"\" target=\"_self\"><span class=\"thumb-info-wrapper\"><img loading=\"lazy\" decoding=\"async\" alt=\"\" src=\"\/\/www.unallarmakina.com.tr\/wp-content\/uploads\/2022\/04\/pompalar.jpg\" class=\"img-responsive\" width=\"600\" height=\"600\"><span class=\"thumb-info-title\"><span class=\"thumb-info-inner\">\u0413\u0438\u0434\u0440\u0430\u0432\u043b\u0438\u0447\u0435\u0441\u043a\u0438\u0435 \u043d\u0430\u0441\u043e\u0441\u044b<em><\/em><\/span><span class=\"thumb-info-type\">\u0422\u041e\u0412\u0410\u0420\u042b<\/span><\/span><span class=\"thumb-info-action\"><span class=\"thumb-info-action-icon\"><i class=\"fas fa-link\"><\/i><\/span><\/span><\/span><\/a><\/span><\/div><\/div><\/div><\/div><div class=\"vc_row wpb_row vc_inner row\"><div class=\"vc_column_container col-md-2\"><div class=\"wpb_wrapper vc_column-inner\"><\/div><\/div><div class=\"vc_column_container col-md-4\"><div class=\"wpb_wrapper vc_column-inner\"><div class=\"porto-image-frame\"><span class=\"thumb-info thumb-info-lighten\"><a href=\"https:\/\/www.unallarmakina.com.tr\/ru\/urun-gruplari\/pnomatik-silindirler\/\" title=\"\" target=\"_self\"><span class=\"thumb-info-wrapper\"><img loading=\"lazy\" decoding=\"async\" alt=\"\" src=\"\/\/www.unallarmakina.com.tr\/wp-content\/uploads\/2022\/04\/pnomatik-silindirler.jpg\" class=\"img-responsive\" width=\"600\" height=\"600\"><span class=\"thumb-info-title\"><span class=\"thumb-info-inner\">\u041f\u043d\u0435\u0432\u043c\u0430\u0442\u0438\u0447\u0435\u0441\u043a\u0438\u0435 \u0446\u0438\u043b\u0438\u043d\u0434\u0440\u044b<em><\/em><\/span><span class=\"thumb-info-type\">\u0422\u041e\u0412\u0410\u0420\u042b<\/span><\/span><span class=\"thumb-info-action\"><span class=\"thumb-info-action-icon\"><i class=\"fas fa-link\"><\/i><\/span><\/span><\/span><\/a><\/span><\/div><\/div><\/div><div class=\"vc_column_container col-md-4\"><div class=\"wpb_wrapper vc_column-inner\"><div class=\"porto-image-frame\"><span class=\"thumb-info thumb-info-lighten\"><a href=\"https:\/\/www.unallarmakina.com.tr\/ru\/urun-gruplari\/borular-miller\/\" title=\"\" target=\"_self\"><span class=\"thumb-info-wrapper\"><img loading=\"lazy\" decoding=\"async\" alt=\"\" src=\"\/\/www.unallarmakina.com.tr\/wp-content\/uploads\/2022\/04\/borular-miller.jpg\" class=\"img-responsive\" width=\"600\" height=\"600\"><span class=\"thumb-info-title\"><span class=\"thumb-info-inner\">\u0422\u0440\u0443\u0431\u044b &amp; \u0412\u0430\u043b\u044b<em><\/em><\/span><span class=\"thumb-info-type\">\u0422\u041e\u0412\u0410\u0420\u042b<\/span><\/span><span class=\"thumb-info-action\"><span class=\"thumb-info-action-icon\"><i class=\"fas fa-link\"><\/i><\/span><\/span><\/span><\/a><\/span><\/div><\/div><\/div><div class=\"vc_column_container col-md-2\"><div class=\"wpb_wrapper vc_column-inner\"><\/div><\/div><\/div><\/div><\/div><\/div><\/div><\/div>","protected":false},"excerpt":{"rendered":"Hidrolik \u00dcniteler\u00dcR\u00dcNLERHidrolik Silindirler\u00dcR\u00dcNLERHidrolik Pompalar\u00dcR\u00dcNLERPn\u00f6matik Silindirler\u00dcR\u00dcNLERBorular &amp; Miller\u00dcR\u00dcNLER","protected":false},"author":1,"featured_media":0,"parent":0,"menu_order":0,"comment_status":"closed","ping_status":"closed","template":"","meta":{"footnotes":""},"class_list":["post-1068","page","type-page","status-publish","hentry"],"_links":{"self":[{"href":"https:\/\/www.unallarmakina.com.tr\/ru\/wp-json\/wp\/v2\/pages\/1068","targetHints":{"allow":["GET"]}}],"collection":[{"href":"https:\/\/www.unallarmakina.com.tr\/ru\/wp-json\/wp\/v2\/pages"}],"about":[{"href":"https:\/\/www.unallarmakina.com.tr\/ru\/wp-json\/wp\/v2\/types\/page"}],"author":[{"embeddable":true,"href":"https:\/\/www.unallarmakina.com.tr\/ru\/wp-json\/wp\/v2\/users\/1"}],"replies":[{"embeddable":true,"href":"https:\/\/www.unallarmakina.com.tr\/ru\/wp-json\/wp\/v2\/comments?post=1068"}],"version-history":[{"count":5,"href":"https:\/\/www.unallarmakina.com.tr\/ru\/wp-json\/wp\/v2\/pages\/1068\/revisions"}],"predecessor-version":[{"id":1210,"href":"https:\/\/www.unallarmakina.com.tr\/ru\/wp-json\/wp\/v2\/pages\/1068\/revisions\/1210"}],"wp:attachment":[{"href":"https:\/\/www.unallarmakina.com.tr\/ru\/wp-json\/wp\/v2\/media?parent=1068"}],"curies":[{"name":"wp","href":"https:\/\/api.w.org\/{rel}","templated":true}]}}