{"id":983,"date":"2022-04-03T06:51:34","date_gmt":"2022-04-03T06:51:34","guid":{"rendered":"https:\/\/www.unallarmakina.com.tr\/?post_type=product&#038;p=983"},"modified":"2022-04-07T06:28:43","modified_gmt":"2022-04-07T06:28:43","slug":"yatay-balya-pres","status":"publish","type":"product","link":"https:\/\/www.unallarmakina.com.tr\/en\/product\/yatay-balya-pres\/","title":{"rendered":"Horizontal Bale Press"},"content":{"rendered":"","protected":false},"excerpt":{"rendered":"<p>In the horizontal bale press machine, the ram pushed by the hydraulic unit compresses the paper etc. material discharged from the casting chamber and this material is tied at the press outlet by the automatic clamping mechanism, which is the design of our factory.<\/p>\n<p><strong>The automatic bale tying unit of \u00dcNALLAR MAK\u0130NA<\/strong>has the feature of making automatic tying in at least 17 seconds.<\/p>\n<p>&nbsp;<\/p>\n<table>\n<tbody>\n<tr>\n<td colspan=\"2\" width=\"604\"><span style=\"font-size: 20px;\"><strong>REFERENCE FEATURES<\/strong><\/span><\/td>\n<\/tr>\n<tr>\n<td width=\"226\"><strong>MANUFACTURER<\/strong><\/td>\n<td width=\"378\">UNALLAR MAKINA<\/td>\n<\/tr>\n<tr>\n<td width=\"226\"><strong>PRODUCT<\/strong><\/td>\n<td width=\"378\">YATAY BALYA PRES\u0130<\/td>\n<\/tr>\n<tr>\n<td width=\"226\"><strong>MODEL<\/strong><\/td>\n<td width=\"378\">UN-70<\/td>\n<\/tr>\n<tr>\n<td width=\"226\"><strong>DRAWING FORCE<\/strong><\/td>\n<td width=\"378\">70 T<\/td>\n<\/tr>\n<tr>\n<td width=\"226\"><strong>WIRE CONNECTION<\/strong><\/td>\n<td width=\"378\">OTOMAT\u0130K<\/td>\n<\/tr>\n<tr>\n<td width=\"226\"><strong>NUMBER OF WIRES<\/strong><\/td>\n<td width=\"378\">4 ADET<\/td>\n<\/tr>\n<tr>\n<td width=\"226\"><strong>BALE SIZE<\/strong><\/td>\n<td width=\"378\">1100 X 850 X\u2026\u2026.(AYARLANAB\u0130L\u0130R)<\/td>\n<\/tr>\n<tr>\n<td width=\"226\"><strong>ENTRY DEPARTMENT<\/strong><\/td>\n<td width=\"378\">1400 X 1020 MM<\/td>\n<\/tr>\n<tr>\n<td width=\"226\"><strong>BALE WEIGHT<\/strong><\/td>\n<td width=\"378\">500 \u2013 700 KG<\/td>\n<\/tr>\n<tr>\n<td width=\"226\"><strong>THEORETICAL CYCLE TIME<\/strong><\/td>\n<td width=\"378\">17 SN<\/td>\n<\/tr>\n<tr>\n<td width=\"226\"><strong>HYDRAULIC OIL TANK<\/strong><\/td>\n<td width=\"378\">1500 LT<\/td>\n<\/tr>\n<tr>\n<td width=\"226\"><strong>CAPACITY CARTON<\/strong><\/td>\n<td width=\"378\">KARTON: 7.5 T\/SGAZETE: 15 T\/S<\/td>\n<\/tr>\n<tr>\n<td width=\"226\"><strong>ELECTRIC MOTOR<\/strong><\/td>\n<td width=\"378\">37 KW \/ 380 V \/ 50 HZ \/ 3 FAZ<\/td>\n<\/tr>\n<tr>\n<td width=\"226\"><strong>PRODUCT<\/strong><\/td>\n<td width=\"378\">PD-120 PET DEL\u0130C\u0130<\/td>\n<\/tr>\n<tr>\n<td width=\"226\"><strong>ASSEMBLY<\/strong><\/td>\n<td width=\"378\">HAZNEYE MONTAJLI<\/td>\n<\/tr>\n<tr>\n<td width=\"226\"><strong>BLADES<\/strong><\/td>\n<td width=\"378\">ST42(DE\u011e\u0130\u015eT\u0130R\u0130LEB\u0130L\u0130R)<\/td>\n<\/tr>\n<tr>\n<td width=\"226\"><strong>MACHINE DIMENSIONS<\/strong><\/td>\n<td width=\"378\">5500 X 1400 X 3440 MM<\/td>\n<\/tr>\n<tr>\n<td width=\"226\"><strong>ELECTRIC MOTOR<\/strong><\/td>\n<td width=\"378\">3 KW X 2 \/ 380 V \/ 50 HZ \/ 3 FAZ<\/td>\n<\/tr>\n<tr>\n<td width=\"226\"><strong>PAINT<\/strong><\/td>\n<td width=\"378\">M\u00dc\u015eTER\u0130 \u0130STE\u011e\u0130<\/td>\n<\/tr>\n<\/tbody>\n<\/table>","protected":false},"featured_media":1283,"template":"","meta":[],"product_cat":[56],"product_tag":[],"class_list":["post-983","product","type-product","status-publish","has-post-thumbnail","hentry","product_cat-balya-pres"],"_links":{"self":[{"href":"https:\/\/www.unallarmakina.com.tr\/en\/wp-json\/wp\/v2\/product\/983","targetHints":{"allow":["GET"]}}],"collection":[{"href":"https:\/\/www.unallarmakina.com.tr\/en\/wp-json\/wp\/v2\/product"}],"about":[{"href":"https:\/\/www.unallarmakina.com.tr\/en\/wp-json\/wp\/v2\/types\/product"}],"wp:featuredmedia":[{"embeddable":true,"href":"https:\/\/www.unallarmakina.com.tr\/en\/wp-json\/wp\/v2\/media\/1283"}],"wp:attachment":[{"href":"https:\/\/www.unallarmakina.com.tr\/en\/wp-json\/wp\/v2\/media?parent=983"}],"wp:term":[{"taxonomy":"product_cat","embeddable":true,"href":"https:\/\/www.unallarmakina.com.tr\/en\/wp-json\/wp\/v2\/product_cat?post=983"},{"taxonomy":"product_tag","embeddable":true,"href":"https:\/\/www.unallarmakina.com.tr\/en\/wp-json\/wp\/v2\/product_tag?post=983"}],"curies":[{"name":"wp","href":"https:\/\/api.w.org\/{rel}","templated":true}]}}