{"id":1187,"date":"2022-04-03T10:01:35","date_gmt":"2022-04-03T10:01:35","guid":{"rendered":"https:\/\/www.unallarmakina.com.tr\/?page_id=1187"},"modified":"2022-04-03T10:02:44","modified_gmt":"2022-04-03T10:02:44","slug":"borular-miller","status":"publish","type":"page","link":"https:\/\/www.unallarmakina.com.tr\/en\/urun-gruplari\/borular-miller\/","title":{"rendered":"Pipes &amp; Shafts"},"content":{"rendered":"<div class=\"vc_row wpb_row porto-inner-container\"><div class=\"porto-wrap-container container\"><div class=\"row\"><div class=\"vc_column_container col-md-6\"><div class=\"wpb_wrapper vc_column-inner\">\n\t<div class=\"wpb_text_column wpb_content_element\" >\n\t\t<div class=\"wpb_wrapper\">\n\t\t\t<p style=\"text-align: center;\"><strong>HONED TUBES <\/strong><\/p>\n<p style=\"text-align: center;\">Our company has honed pipes in desired qualities.<\/p>\n<p style=\"text-align: center;\">At the request of our customers, they are cut and supplied in the desired dimensions.<\/p>\n\n\t\t<\/div>\n\t<\/div>\n\n\t<div class=\"wpb_text_column wpb_content_element\" >\n\t\t<div class=\"wpb_wrapper\">\n\t\t\t<p style=\"text-align: center;\"><strong>Detail<\/strong><\/p>\n<p><a href=\"https:\/\/www.unallarmakina.com.tr\/wp-content\/uploads\/2022\/04\/borular.pdf\" target=\"_blank\" rel=\"noopener\"><img loading=\"lazy\" decoding=\"async\" class=\"size-full wp-image-1200 aligncenter\" src=\"https:\/\/www.unallarmakina.com.tr\/wp-content\/uploads\/2022\/04\/pdf-icon.png\" alt=\"\" width=\"60\" height=\"60\" \/><\/a><\/p>\n\n\t\t<\/div>\n\t<\/div>\n<\/div><\/div><div class=\"vc_column_container col-md-6\"><div class=\"wpb_wrapper vc_column-inner\">\n\t<div class=\"wpb_text_column wpb_content_element\" >\n\t\t<div class=\"wpb_wrapper\">\n\t\t\t<p style=\"text-align: center;\"><strong>CHROME SHAFTS<\/strong><\/p>\n<p style=\"text-align: center;\">Upon the request of our customers, chromed shafts are available in our company.<\/p>\n<p style=\"text-align: center;\">At the request of our customers, they are cut and supplied in the desired dimensions.<\/p>\n\n\t\t<\/div>\n\t<\/div>\n\n\t<div class=\"wpb_text_column wpb_content_element\" >\n\t\t<div class=\"wpb_wrapper\">\n\t\t\t<p style=\"text-align: center;\"><strong>Detail<\/strong><\/p>\n<p><a href=\"https:\/\/www.unallarmakina.com.tr\/wp-content\/uploads\/2022\/04\/miller.pdf\" target=\"_blank\" rel=\"noopener\"><img loading=\"lazy\" decoding=\"async\" class=\"aligncenter wp-image-1200 size-full\" src=\"https:\/\/www.unallarmakina.com.tr\/wp-content\/uploads\/2022\/04\/pdf-icon.png\" alt=\"\" width=\"60\" height=\"60\" \/><\/a><\/p>\n\n\t\t<\/div>\n\t<\/div>\n<\/div><\/div><\/div><\/div><\/div><div class=\"vc_row wpb_row row\"><div class=\"vc_column_container col-md-1\"><div class=\"wpb_wrapper vc_column-inner\"><\/div><\/div><div class=\"vc_column_container col-md-10\"><div class=\"wpb_wrapper vc_column-inner\"><div class=\"wpb_gallery wpb_content_element vc_clearfix\" ><div class=\"wpb_wrapper\"><div class=\"wpb_gallery_slides wpb_image_grid\" data-interval=\"3\"><ul class=\"wpb_image_grid_ul\"><li class=\"isotope-item\"><a class=\"\" href=\"https:\/\/www.unallarmakina.com.tr\/wp-content\/uploads\/2022\/04\/1-3.jpg\" data-lightbox=\"lightbox[rel-1187-4104645884]\"><img loading=\"lazy\" decoding=\"async\" class=\"\" src=\"https:\/\/www.unallarmakina.com.tr\/wp-content\/uploads\/2022\/04\/1-3-300x300.jpg\" width=\"300\" height=\"300\" alt=\"1\" title=\"1\" \/><\/a><\/li><li class=\"isotope-item\"><a class=\"\" href=\"https:\/\/www.unallarmakina.com.tr\/wp-content\/uploads\/2022\/04\/2-2.jpg\" data-lightbox=\"lightbox[rel-1187-4104645884]\"><img loading=\"lazy\" decoding=\"async\" class=\"\" src=\"https:\/\/www.unallarmakina.com.tr\/wp-content\/uploads\/2022\/04\/2-2-300x300.jpg\" width=\"300\" height=\"300\" alt=\"2\" title=\"2\" \/><\/a><\/li><li class=\"isotope-item\"><a class=\"\" href=\"https:\/\/www.unallarmakina.com.tr\/wp-content\/uploads\/2022\/04\/3-3.jpg\" data-lightbox=\"lightbox[rel-1187-4104645884]\"><img loading=\"lazy\" decoding=\"async\" class=\"\" src=\"https:\/\/www.unallarmakina.com.tr\/wp-content\/uploads\/2022\/04\/3-3-300x300.jpg\" width=\"300\" height=\"300\" alt=\"3\" title=\"3\" \/><\/a><\/li><li class=\"isotope-item\"><a class=\"\" href=\"https:\/\/www.unallarmakina.com.tr\/wp-content\/uploads\/2022\/04\/4-4.jpg\" data-lightbox=\"lightbox[rel-1187-4104645884]\"><img loading=\"lazy\" decoding=\"async\" class=\"\" src=\"https:\/\/www.unallarmakina.com.tr\/wp-content\/uploads\/2022\/04\/4-4-300x300.jpg\" width=\"300\" height=\"300\" alt=\"4\" title=\"4\" \/><\/a><\/li><li class=\"isotope-item\"><a class=\"\" href=\"https:\/\/www.unallarmakina.com.tr\/wp-content\/uploads\/2022\/04\/5-3.jpg\" data-lightbox=\"lightbox[rel-1187-4104645884]\"><img loading=\"lazy\" decoding=\"async\" class=\"\" src=\"https:\/\/www.unallarmakina.com.tr\/wp-content\/uploads\/2022\/04\/5-3-300x300.jpg\" width=\"300\" height=\"300\" alt=\"5\" title=\"5\" \/><\/a><\/li><li class=\"isotope-item\"><a class=\"\" href=\"https:\/\/www.unallarmakina.com.tr\/wp-content\/uploads\/2022\/04\/6-2.jpg\" data-lightbox=\"lightbox[rel-1187-4104645884]\"><img loading=\"lazy\" decoding=\"async\" class=\"\" src=\"https:\/\/www.unallarmakina.com.tr\/wp-content\/uploads\/2022\/04\/6-2-300x300.jpg\" width=\"300\" height=\"300\" alt=\"6\" title=\"6\" \/><\/a><\/li><li class=\"isotope-item\"><a class=\"\" href=\"https:\/\/www.unallarmakina.com.tr\/wp-content\/uploads\/2022\/04\/7-3.jpg\" data-lightbox=\"lightbox[rel-1187-4104645884]\"><img loading=\"lazy\" decoding=\"async\" class=\"\" src=\"https:\/\/www.unallarmakina.com.tr\/wp-content\/uploads\/2022\/04\/7-3-300x300.jpg\" width=\"300\" height=\"300\" alt=\"7\" title=\"7\" \/><\/a><\/li><li class=\"isotope-item\"><a class=\"\" href=\"https:\/\/www.unallarmakina.com.tr\/wp-content\/uploads\/2022\/04\/8-3.jpg\" data-lightbox=\"lightbox[rel-1187-4104645884]\"><img loading=\"lazy\" decoding=\"async\" class=\"\" src=\"https:\/\/www.unallarmakina.com.tr\/wp-content\/uploads\/2022\/04\/8-3-300x300.jpg\" width=\"300\" height=\"300\" alt=\"8\" title=\"8\" \/><\/a><\/li><\/ul><\/div><\/div><\/div><\/div><\/div><div class=\"vc_column_container col-md-1\"><div class=\"wpb_wrapper vc_column-inner\"><\/div><\/div><\/div>","protected":false},"excerpt":{"rendered":"HONLANMI\u015e BORULAR Firmam\u0131z b\u00fcnyesinde istenilen kalitelerde honlanm\u0131\u015f borular bulunmaktad\u0131r. M\u00fc\u015fterilerimizin iste\u011fi \u00fczerine kesimleri yap\u0131l\u0131p istenilen \u00f6l\u00e7\u00fclerde tedari\u011fi yap\u0131lmaktad\u0131r. Detaylar KROMLU M\u0130LLER M\u00fc\u015fterilerimizin iste\u011fi \u00fczerine kromlu miller firmam\u0131zda mevcuttur. M\u00fc\u015fterilerimizin iste\u011fi \u00fczerine kesimleri yap\u0131l\u0131p istenilen \u00f6l\u00e7\u00fclerde tedari\u011fi yap\u0131lmaktad\u0131r. Detaylar","protected":false},"author":1,"featured_media":0,"parent":1068,"menu_order":0,"comment_status":"closed","ping_status":"closed","template":"","meta":{"footnotes":""},"class_list":["post-1187","page","type-page","status-publish","hentry"],"_links":{"self":[{"href":"https:\/\/www.unallarmakina.com.tr\/en\/wp-json\/wp\/v2\/pages\/1187","targetHints":{"allow":["GET"]}}],"collection":[{"href":"https:\/\/www.unallarmakina.com.tr\/en\/wp-json\/wp\/v2\/pages"}],"about":[{"href":"https:\/\/www.unallarmakina.com.tr\/en\/wp-json\/wp\/v2\/types\/page"}],"author":[{"embeddable":true,"href":"https:\/\/www.unallarmakina.com.tr\/en\/wp-json\/wp\/v2\/users\/1"}],"replies":[{"embeddable":true,"href":"https:\/\/www.unallarmakina.com.tr\/en\/wp-json\/wp\/v2\/comments?post=1187"}],"version-history":[{"count":9,"href":"https:\/\/www.unallarmakina.com.tr\/en\/wp-json\/wp\/v2\/pages\/1187\/revisions"}],"predecessor-version":[{"id":1207,"href":"https:\/\/www.unallarmakina.com.tr\/en\/wp-json\/wp\/v2\/pages\/1187\/revisions\/1207"}],"up":[{"embeddable":true,"href":"https:\/\/www.unallarmakina.com.tr\/en\/wp-json\/wp\/v2\/pages\/1068"}],"wp:attachment":[{"href":"https:\/\/www.unallarmakina.com.tr\/en\/wp-json\/wp\/v2\/media?parent=1187"}],"curies":[{"name":"wp","href":"https:\/\/api.w.org\/{rel}","templated":true}]}}