{"id":1158,"date":"2022-04-03T09:52:59","date_gmt":"2022-04-03T09:52:59","guid":{"rendered":"https:\/\/www.unallarmakina.com.tr\/?page_id=1158"},"modified":"2022-04-03T09:52:59","modified_gmt":"2022-04-03T09:52:59","slug":"hidrolik-pompalar","status":"publish","type":"page","link":"https:\/\/www.unallarmakina.com.tr\/en\/urun-gruplari\/hidrolik-pompalar\/","title":{"rendered":"Hydraulic Pumps"},"content":{"rendered":"<div class=\"vc_row wpb_row row\"><div class=\"vc_column_container col-md-12\"><div class=\"wpb_wrapper vc_column-inner\">\n\t<div class=\"wpb_text_column wpb_content_element\" >\n\t\t<div class=\"wpb_wrapper\">\n\t\t\t<p style=\"text-align: center;\">- The hydraulic pump is a circuit element that converts mechanical energy into hydraulic energy.<\/p>\n<p style=\"text-align: center;\">\u2013 It absorbs the fluid from the tank and presses it into the system according to the principle of increasing volume \u2013 decreasing volume with the rotational movement it receives from an electric motor or internal combustion engine.<\/p>\n<p style=\"text-align: center;\">- Pressure occurs due to the resistance against the flow of the fluid.<\/p>\n<p style=\"text-align: center;\">- In our company, pumps can be supplied in the desired brand and in the desired varieties upon the request of our customers.<\/p>\n<p style=\"text-align: center;\">\u2013 In addition, all kinds of pump repairs and maintenance are carried out in our workshop.<\/p>\n\n\t\t<\/div>\n\t<\/div>\n<\/div><\/div><\/div><div class=\"vc_row wpb_row row\"><div class=\"vc_column_container col-md-1\"><div class=\"wpb_wrapper vc_column-inner\"><\/div><\/div><div class=\"vc_column_container col-md-10\"><div class=\"wpb_wrapper vc_column-inner\"><div class=\"wpb_gallery wpb_content_element vc_clearfix\" ><div class=\"wpb_wrapper\"><div class=\"wpb_gallery_slides wpb_image_grid\" data-interval=\"3\"><ul class=\"wpb_image_grid_ul\"><li class=\"isotope-item\"><a class=\"\" href=\"https:\/\/www.unallarmakina.com.tr\/wp-content\/uploads\/2022\/04\/1.png\" data-lightbox=\"lightbox[rel-1158-1985930343]\"><img loading=\"lazy\" decoding=\"async\" class=\"\" src=\"https:\/\/www.unallarmakina.com.tr\/wp-content\/uploads\/2022\/04\/1-300x300.png\" width=\"300\" height=\"300\" alt=\"1\" title=\"1\" \/><\/a><\/li><li class=\"isotope-item\"><a class=\"\" href=\"https:\/\/www.unallarmakina.com.tr\/wp-content\/uploads\/2022\/04\/2-1.jpg\" data-lightbox=\"lightbox[rel-1158-1985930343]\"><img loading=\"lazy\" decoding=\"async\" class=\"\" src=\"https:\/\/www.unallarmakina.com.tr\/wp-content\/uploads\/2022\/04\/2-1-300x300.jpg\" width=\"300\" height=\"300\" alt=\"2\" title=\"2\" \/><\/a><\/li><li class=\"isotope-item\"><a class=\"\" href=\"https:\/\/www.unallarmakina.com.tr\/wp-content\/uploads\/2022\/04\/3-1024x776.jpeg\" data-lightbox=\"lightbox[rel-1158-1985930343]\"><img loading=\"lazy\" decoding=\"async\" class=\"\" src=\"https:\/\/www.unallarmakina.com.tr\/wp-content\/uploads\/2022\/04\/3-300x300.jpeg\" width=\"300\" height=\"300\" alt=\"3\" title=\"3\" \/><\/a><\/li><li class=\"isotope-item\"><a class=\"\" href=\"https:\/\/www.unallarmakina.com.tr\/wp-content\/uploads\/2022\/04\/4-3.jpg\" data-lightbox=\"lightbox[rel-1158-1985930343]\"><img loading=\"lazy\" decoding=\"async\" class=\"\" src=\"https:\/\/www.unallarmakina.com.tr\/wp-content\/uploads\/2022\/04\/4-3-300x300.jpg\" width=\"300\" height=\"300\" alt=\"4\" title=\"4\" \/><\/a><\/li><li class=\"isotope-item\"><a class=\"\" href=\"https:\/\/www.unallarmakina.com.tr\/wp-content\/uploads\/2022\/04\/5-2.jpg\" data-lightbox=\"lightbox[rel-1158-1985930343]\"><img loading=\"lazy\" decoding=\"async\" class=\"\" src=\"https:\/\/www.unallarmakina.com.tr\/wp-content\/uploads\/2022\/04\/5-2-300x300.jpg\" width=\"300\" height=\"300\" alt=\"5\" title=\"5\" \/><\/a><\/li><li class=\"isotope-item\"><a class=\"\" href=\"https:\/\/www.unallarmakina.com.tr\/wp-content\/uploads\/2022\/04\/6-1.jpg\" data-lightbox=\"lightbox[rel-1158-1985930343]\"><img loading=\"lazy\" decoding=\"async\" class=\"\" src=\"https:\/\/www.unallarmakina.com.tr\/wp-content\/uploads\/2022\/04\/6-1-300x300.jpg\" width=\"300\" height=\"300\" alt=\"6\" title=\"6\" \/><\/a><\/li><li class=\"isotope-item\"><a class=\"\" href=\"https:\/\/www.unallarmakina.com.tr\/wp-content\/uploads\/2022\/04\/7-2.jpg\" data-lightbox=\"lightbox[rel-1158-1985930343]\"><img loading=\"lazy\" decoding=\"async\" class=\"\" src=\"https:\/\/www.unallarmakina.com.tr\/wp-content\/uploads\/2022\/04\/7-2-300x300.jpg\" width=\"300\" height=\"300\" alt=\"7\" title=\"7\" \/><\/a><\/li><li class=\"isotope-item\"><a class=\"\" href=\"https:\/\/www.unallarmakina.com.tr\/wp-content\/uploads\/2022\/04\/8-2.jpg\" data-lightbox=\"lightbox[rel-1158-1985930343]\"><img loading=\"lazy\" decoding=\"async\" class=\"\" src=\"https:\/\/www.unallarmakina.com.tr\/wp-content\/uploads\/2022\/04\/8-2-300x300.jpg\" width=\"300\" height=\"300\" alt=\"8\" title=\"8\" \/><\/a><\/li><li class=\"isotope-item\"><a class=\"\" href=\"https:\/\/www.unallarmakina.com.tr\/wp-content\/uploads\/2022\/04\/9-2.jpg\" data-lightbox=\"lightbox[rel-1158-1985930343]\"><img loading=\"lazy\" decoding=\"async\" class=\"\" src=\"https:\/\/www.unallarmakina.com.tr\/wp-content\/uploads\/2022\/04\/9-2-300x300.jpg\" width=\"300\" height=\"300\" alt=\"9\" title=\"9\" \/><\/a><\/li><li class=\"isotope-item\"><a class=\"\" href=\"https:\/\/www.unallarmakina.com.tr\/wp-content\/uploads\/2022\/04\/10-1.jpg\" data-lightbox=\"lightbox[rel-1158-1985930343]\"><img loading=\"lazy\" decoding=\"async\" class=\"\" src=\"https:\/\/www.unallarmakina.com.tr\/wp-content\/uploads\/2022\/04\/10-1-300x261.jpg\" width=\"300\" height=\"261\" alt=\"10\" title=\"10\" \/><\/a><\/li><li class=\"isotope-item\"><a class=\"\" href=\"https:\/\/www.unallarmakina.com.tr\/wp-content\/uploads\/2022\/04\/11-2.jpg\" data-lightbox=\"lightbox[rel-1158-1985930343]\"><img loading=\"lazy\" decoding=\"async\" class=\"\" src=\"https:\/\/www.unallarmakina.com.tr\/wp-content\/uploads\/2022\/04\/11-2-300x300.jpg\" width=\"300\" height=\"300\" alt=\"11\" title=\"11\" \/><\/a><\/li><li class=\"isotope-item\"><a class=\"\" href=\"https:\/\/www.unallarmakina.com.tr\/wp-content\/uploads\/2022\/04\/12.png\" data-lightbox=\"lightbox[rel-1158-1985930343]\"><img loading=\"lazy\" decoding=\"async\" class=\"\" src=\"https:\/\/www.unallarmakina.com.tr\/wp-content\/uploads\/2022\/04\/12-300x300.png\" width=\"300\" height=\"300\" alt=\"12\" title=\"12\" \/><\/a><\/li><li class=\"isotope-item\"><a class=\"\" href=\"https:\/\/www.unallarmakina.com.tr\/wp-content\/uploads\/2022\/04\/13.png\" data-lightbox=\"lightbox[rel-1158-1985930343]\"><img loading=\"lazy\" decoding=\"async\" class=\"\" src=\"https:\/\/www.unallarmakina.com.tr\/wp-content\/uploads\/2022\/04\/13-300x300.png\" width=\"300\" height=\"300\" alt=\"13\" title=\"13\" \/><\/a><\/li><li class=\"isotope-item\"><a class=\"\" href=\"https:\/\/www.unallarmakina.com.tr\/wp-content\/uploads\/2022\/04\/14-2.jpg\" data-lightbox=\"lightbox[rel-1158-1985930343]\"><img loading=\"lazy\" decoding=\"async\" class=\"\" src=\"https:\/\/www.unallarmakina.com.tr\/wp-content\/uploads\/2022\/04\/14-2-300x300.jpg\" width=\"300\" height=\"300\" alt=\"14\" title=\"14\" \/><\/a><\/li><li class=\"isotope-item\"><a class=\"\" href=\"https:\/\/www.unallarmakina.com.tr\/wp-content\/uploads\/2022\/04\/15-2.jpg\" data-lightbox=\"lightbox[rel-1158-1985930343]\"><img loading=\"lazy\" decoding=\"async\" class=\"\" src=\"https:\/\/www.unallarmakina.com.tr\/wp-content\/uploads\/2022\/04\/15-2-300x300.jpg\" width=\"300\" height=\"300\" alt=\"15\" title=\"15\" \/><\/a><\/li><li class=\"isotope-item\"><a class=\"\" href=\"https:\/\/www.unallarmakina.com.tr\/wp-content\/uploads\/2022\/04\/16-1.jpg\" data-lightbox=\"lightbox[rel-1158-1985930343]\"><img loading=\"lazy\" decoding=\"async\" class=\"\" src=\"https:\/\/www.unallarmakina.com.tr\/wp-content\/uploads\/2022\/04\/16-1.jpg\" width=\"273\" height=\"185\" alt=\"16\" title=\"16\" \/><\/a><\/li><li class=\"isotope-item\"><a class=\"\" href=\"https:\/\/www.unallarmakina.com.tr\/wp-content\/uploads\/2022\/04\/17-1.jpg\" data-lightbox=\"lightbox[rel-1158-1985930343]\"><img loading=\"lazy\" decoding=\"async\" class=\"\" src=\"https:\/\/www.unallarmakina.com.tr\/wp-content\/uploads\/2022\/04\/17-1.jpg\" width=\"290\" height=\"174\" alt=\"17\" title=\"17\" \/><\/a><\/li><li class=\"isotope-item\"><a class=\"\" href=\"https:\/\/www.unallarmakina.com.tr\/wp-content\/uploads\/2022\/04\/18-1.jpg\" data-lightbox=\"lightbox[rel-1158-1985930343]\"><img loading=\"lazy\" decoding=\"async\" class=\"\" src=\"https:\/\/www.unallarmakina.com.tr\/wp-content\/uploads\/2022\/04\/18-1-300x300.jpg\" width=\"300\" height=\"300\" alt=\"18\" title=\"18\" \/><\/a><\/li><li class=\"isotope-item\"><a class=\"\" href=\"https:\/\/www.unallarmakina.com.tr\/wp-content\/uploads\/2022\/04\/19-1.jpg\" data-lightbox=\"lightbox[rel-1158-1985930343]\"><img loading=\"lazy\" decoding=\"async\" class=\"\" src=\"https:\/\/www.unallarmakina.com.tr\/wp-content\/uploads\/2022\/04\/19-1-300x300.jpg\" width=\"300\" height=\"300\" alt=\"19\" title=\"19\" \/><\/a><\/li><li class=\"isotope-item\"><a class=\"\" href=\"https:\/\/www.unallarmakina.com.tr\/wp-content\/uploads\/2022\/04\/20-1.jpg\" data-lightbox=\"lightbox[rel-1158-1985930343]\"><img loading=\"lazy\" decoding=\"async\" class=\"\" src=\"https:\/\/www.unallarmakina.com.tr\/wp-content\/uploads\/2022\/04\/20-1-300x300.jpg\" width=\"300\" height=\"300\" alt=\"20\" title=\"20\" \/><\/a><\/li><li class=\"isotope-item\"><a class=\"\" href=\"https:\/\/www.unallarmakina.com.tr\/wp-content\/uploads\/2022\/04\/21-1.jpg\" data-lightbox=\"lightbox[rel-1158-1985930343]\"><img loading=\"lazy\" decoding=\"async\" class=\"\" src=\"https:\/\/www.unallarmakina.com.tr\/wp-content\/uploads\/2022\/04\/21-1-300x300.jpg\" width=\"300\" height=\"300\" alt=\"21\" title=\"21\" \/><\/a><\/li><li class=\"isotope-item\"><a class=\"\" href=\"https:\/\/www.unallarmakina.com.tr\/wp-content\/uploads\/2022\/04\/22-1.jpg\" data-lightbox=\"lightbox[rel-1158-1985930343]\"><img loading=\"lazy\" decoding=\"async\" class=\"\" src=\"https:\/\/www.unallarmakina.com.tr\/wp-content\/uploads\/2022\/04\/22-1-300x300.jpg\" width=\"300\" height=\"300\" alt=\"22\" title=\"22\" \/><\/a><\/li><li class=\"isotope-item\"><a class=\"\" href=\"https:\/\/www.unallarmakina.com.tr\/wp-content\/uploads\/2022\/04\/23-1.jpg\" data-lightbox=\"lightbox[rel-1158-1985930343]\"><img loading=\"lazy\" decoding=\"async\" class=\"\" src=\"https:\/\/www.unallarmakina.com.tr\/wp-content\/uploads\/2022\/04\/23-1-300x300.jpg\" width=\"300\" height=\"300\" alt=\"23\" title=\"23\" \/><\/a><\/li><li class=\"isotope-item\"><a class=\"\" href=\"https:\/\/www.unallarmakina.com.tr\/wp-content\/uploads\/2022\/04\/24-1.jpg\" data-lightbox=\"lightbox[rel-1158-1985930343]\"><img loading=\"lazy\" decoding=\"async\" class=\"\" src=\"https:\/\/www.unallarmakina.com.tr\/wp-content\/uploads\/2022\/04\/24-1-300x300.jpg\" width=\"300\" height=\"300\" alt=\"24\" title=\"24\" \/><\/a><\/li><li class=\"isotope-item\"><a class=\"\" href=\"https:\/\/www.unallarmakina.com.tr\/wp-content\/uploads\/2022\/04\/25-1.jpg\" data-lightbox=\"lightbox[rel-1158-1985930343]\"><img loading=\"lazy\" decoding=\"async\" class=\"\" src=\"https:\/\/www.unallarmakina.com.tr\/wp-content\/uploads\/2022\/04\/25-1-300x300.jpg\" width=\"300\" height=\"300\" alt=\"25\" title=\"25\" \/><\/a><\/li><\/ul><\/div><\/div><\/div><\/div><\/div><div class=\"vc_column_container col-md-1\"><div class=\"wpb_wrapper vc_column-inner\"><\/div><\/div><\/div>","protected":false},"excerpt":{"rendered":"-Hidrolik pompa,\u00a0mekanik enerjiyi\u00a0hidrolik enerjiye\u00a0d\u00f6n\u00fc\u015ft\u00fcren bir devre elemand\u0131r. - Bir\u00a0elektrik motoru\u00a0veya\u00a0i\u00e7ten yanmal\u0131 motordan\u00a0ald\u0131\u011f\u0131 d\u00f6nme hareketi ile artan hacim - azalan hacim prensibine g\u00f6re depodan ak\u0131\u015fkan\u0131 emer ve sisteme basar. -Bas\u0131n\u00e7, ak\u0131\u015fkan\u0131n ak\u0131\u015f\u0131na kar\u015f\u0131 gelen dirence ba\u011fl\u0131 olarak olu\u015fur. -Firmam\u0131z b\u00fcnyesinde m\u00fc\u015fterilerimizin iste\u011fi \u00fczerine istenilen markada ve istenilen \u00e7e\u015fitlerde pompa tedari\u011fi yap\u0131labilmektedir. - Ayr\u0131ca At\u00f6lyemizde her t\u00fcrden [...]","protected":false},"author":1,"featured_media":0,"parent":1068,"menu_order":0,"comment_status":"closed","ping_status":"closed","template":"","meta":{"footnotes":""},"class_list":["post-1158","page","type-page","status-publish","hentry"],"_links":{"self":[{"href":"https:\/\/www.unallarmakina.com.tr\/en\/wp-json\/wp\/v2\/pages\/1158","targetHints":{"allow":["GET"]}}],"collection":[{"href":"https:\/\/www.unallarmakina.com.tr\/en\/wp-json\/wp\/v2\/pages"}],"about":[{"href":"https:\/\/www.unallarmakina.com.tr\/en\/wp-json\/wp\/v2\/types\/page"}],"author":[{"embeddable":true,"href":"https:\/\/www.unallarmakina.com.tr\/en\/wp-json\/wp\/v2\/users\/1"}],"replies":[{"embeddable":true,"href":"https:\/\/www.unallarmakina.com.tr\/en\/wp-json\/wp\/v2\/comments?post=1158"}],"version-history":[{"count":1,"href":"https:\/\/www.unallarmakina.com.tr\/en\/wp-json\/wp\/v2\/pages\/1158\/revisions"}],"predecessor-version":[{"id":1184,"href":"https:\/\/www.unallarmakina.com.tr\/en\/wp-json\/wp\/v2\/pages\/1158\/revisions\/1184"}],"up":[{"embeddable":true,"href":"https:\/\/www.unallarmakina.com.tr\/en\/wp-json\/wp\/v2\/pages\/1068"}],"wp:attachment":[{"href":"https:\/\/www.unallarmakina.com.tr\/en\/wp-json\/wp\/v2\/media?parent=1158"}],"curies":[{"name":"wp","href":"https:\/\/api.w.org\/{rel}","templated":true}]}}