{"id":1149,"date":"2022-04-03T09:49:28","date_gmt":"2022-04-03T09:49:28","guid":{"rendered":"https:\/\/www.unallarmakina.com.tr\/?page_id=1149"},"modified":"2022-04-26T06:18:09","modified_gmt":"2022-04-26T06:18:09","slug":"pnomatik-silindirler","status":"publish","type":"page","link":"https:\/\/www.unallarmakina.com.tr\/en\/urun-gruplari\/pnomatik-silindirler\/","title":{"rendered":"Pneumatic Cylinders"},"content":{"rendered":"<div class=\"vc_row wpb_row row\"><div class=\"vc_column_container col-md-12\"><div class=\"wpb_wrapper vc_column-inner\">\n\t<div class=\"wpb_text_column wpb_content_element\" >\n\t\t<div class=\"wpb_wrapper\">\n\t\t\t<p style=\"text-align: center;\">- Compared to hydraulic cylinders, it has a wide variety.<\/p>\n<p style=\"text-align: center;\">- There is a wide variety of cylinder types with standard and non-standard features.<\/p>\n<p style=\"text-align: center;\">- Cylinders produced for general applications can withstand operating pressures of up to 10 bar.<\/p>\n<p style=\"text-align: center;\">- Specially produced pneumatic cylinders should be used for higher pressures.<\/p>\n<p style=\"text-align: center;\">\u2013 Pneumatic Cylinder is the elements that control the compressed air energy and convert it into linear pushing or pulling motion.<\/p>\n<p style=\"text-align: center;\">\u2013 These cylinders, which convert pneumatic energy into mechanical energy, consist of a combination of parts such as front and rear cover, cylinder pipe, piston rod and sealing.<\/p>\n<p style=\"text-align: center;\">\u2013 Two things required for the Pneumatic Cylinder to work; the force and air release that enables the piston to move forward and backward.<\/p>\n<p style=\"text-align: center;\">- Compared to hydraulic cylinders, it has a wide variety.<\/p>\n<p style=\"text-align: center;\">- There is a wide variety of cylinder types with standard and non-standard features.<\/p>\n<p style=\"text-align: center;\">- Cylinders produced for general applications can withstand operating pressures of up to 10 bar.<\/p>\n<p style=\"text-align: center;\">- Specially produced pneumatic cylinders should be used for higher pressures.<\/p>\n<p style=\"text-align: center;\">- It is seen that the use of pneumatic movement and control systems has become widespread recently.<\/p>\n<p style=\"text-align: center;\">\u2013 Pneumatic Cylinder can operate at lower pressure than electric or hydraulic systems, thus reducing costs by providing more savings.<\/p>\n<p style=\"text-align: center;\">- On the other hand, these systems, which are convenient and easy, allow combination with other motion elements and can be integrated with modern control systems.<\/p>\n<p style=\"text-align: center;\">\u2013 Pneumatic cylinder is frequently used in industrial production where compression, pressure application, lifting or linear movement is required.<\/p>\n<p style=\"text-align: center;\">- These systems play an important role in many fields from press applications to the pharmaceutical industry, from iron and steel production to medical sciences.<\/p>\n<p style=\"text-align: center;\">- Upon the request of our customers, our company can manufacture in desired sizes and specifications or supply pneumatic cylinders in desired brands.<\/p>\n\n\t\t<\/div>\n\t<\/div>\n<\/div><\/div><\/div><div class=\"vc_row wpb_row row\"><div class=\"vc_column_container col-md-1\"><div class=\"wpb_wrapper vc_column-inner\"><\/div><\/div><div class=\"vc_column_container col-md-10\"><div class=\"wpb_wrapper vc_column-inner\"><div class=\"wpb_gallery wpb_content_element vc_clearfix\" ><div class=\"wpb_wrapper\"><div class=\"wpb_gallery_slides wpb_image_grid\" data-interval=\"3\"><ul class=\"wpb_image_grid_ul\"><li class=\"isotope-item\"><a class=\"\" href=\"https:\/\/www.unallarmakina.com.tr\/wp-content\/uploads\/2022\/04\/1-2-1024x1024.jpg\" data-lightbox=\"lightbox[rel-1149-3326004883]\"><img loading=\"lazy\" decoding=\"async\" class=\"\" src=\"https:\/\/www.unallarmakina.com.tr\/wp-content\/uploads\/2022\/04\/1-2-300x300.jpg\" width=\"300\" height=\"300\" alt=\"1\" title=\"1\" \/><\/a><\/li><li class=\"isotope-item\"><a class=\"\" href=\"https:\/\/www.unallarmakina.com.tr\/wp-content\/uploads\/2022\/04\/2-1.png\" data-lightbox=\"lightbox[rel-1149-3326004883]\"><img loading=\"lazy\" decoding=\"async\" class=\"\" src=\"https:\/\/www.unallarmakina.com.tr\/wp-content\/uploads\/2022\/04\/2-1.png\" width=\"250\" height=\"250\" alt=\"2\" title=\"2\" \/><\/a><\/li><li class=\"isotope-item\"><a class=\"\" href=\"https:\/\/www.unallarmakina.com.tr\/wp-content\/uploads\/2022\/04\/3-2.jpg\" data-lightbox=\"lightbox[rel-1149-3326004883]\"><img loading=\"lazy\" decoding=\"async\" class=\"\" src=\"https:\/\/www.unallarmakina.com.tr\/wp-content\/uploads\/2022\/04\/3-2-300x300.jpg\" width=\"300\" height=\"300\" alt=\"3\" title=\"3\" \/><\/a><\/li><li class=\"isotope-item\"><a class=\"\" href=\"https:\/\/www.unallarmakina.com.tr\/wp-content\/uploads\/2022\/04\/4-2.jpg\" data-lightbox=\"lightbox[rel-1149-3326004883]\"><img loading=\"lazy\" decoding=\"async\" class=\"\" src=\"https:\/\/www.unallarmakina.com.tr\/wp-content\/uploads\/2022\/04\/4-2-300x300.jpg\" width=\"300\" height=\"300\" alt=\"4\" title=\"4\" \/><\/a><\/li><li class=\"isotope-item\"><a class=\"\" href=\"https:\/\/www.unallarmakina.com.tr\/wp-content\/uploads\/2022\/04\/5.png\" data-lightbox=\"lightbox[rel-1149-3326004883]\"><img loading=\"lazy\" decoding=\"async\" class=\"\" src=\"https:\/\/www.unallarmakina.com.tr\/wp-content\/uploads\/2022\/04\/5.png\" width=\"250\" height=\"250\" alt=\"5\" title=\"5\" \/><\/a><\/li><li class=\"isotope-item\"><a class=\"\" href=\"https:\/\/www.unallarmakina.com.tr\/wp-content\/uploads\/2022\/04\/6-1.png\" data-lightbox=\"lightbox[rel-1149-3326004883]\"><img loading=\"lazy\" decoding=\"async\" class=\"\" src=\"https:\/\/www.unallarmakina.com.tr\/wp-content\/uploads\/2022\/04\/6-1.png\" width=\"250\" height=\"250\" alt=\"6\" title=\"6\" \/><\/a><\/li><\/ul><\/div><\/div><\/div><\/div><\/div><div class=\"vc_column_container col-md-1\"><div class=\"wpb_wrapper vc_column-inner\"><\/div><\/div><\/div>","protected":false},"excerpt":{"rendered":"-Hidrolik silindirlerle k\u0131yasland\u0131\u011f\u0131nda \u00e7ok \u00e7e\u015fide sahiptir. -Standart ve standart olmayan \u00f6zellikte \u00e7ok \u00e7e\u015fitli silindir t\u00fcr\u00fc vard\u0131r. -Genel uygulamalar i\u00e7in \u00fcretilen silindirler 10 bar\u2019l\u0131k \u00e7al\u0131\u015fma bas\u0131n\u00e7lar\u0131na kadar dayanabilir. -Daha y\u00fcksek bas\u0131n\u00e7lar i\u00e7in \u00f6zel \u00fcretilmi\u015f\u00a0pn\u00f6matik\u00a0silindirler kullan\u0131lmal\u0131d\u0131r. -Pn\u00f6matik Silindir, bas\u0131n\u00e7l\u0131 hava enerjisinin kontrol\u00fcn\u00fc sa\u011flayarak do\u011frusal itme veya \u00e7ekme hareketine d\u00f6n\u00fc\u015ft\u00fcrmeye yarayan elemanlard\u0131r. -Pn\u00f6matik\u00a0enerjiyi mekanik enerjiye d\u00f6n\u00fc\u015ft\u00fcren bu silindirler, [...]","protected":false},"author":1,"featured_media":0,"parent":1068,"menu_order":0,"comment_status":"closed","ping_status":"closed","template":"","meta":{"footnotes":""},"class_list":["post-1149","page","type-page","status-publish","hentry"],"_links":{"self":[{"href":"https:\/\/www.unallarmakina.com.tr\/en\/wp-json\/wp\/v2\/pages\/1149","targetHints":{"allow":["GET"]}}],"collection":[{"href":"https:\/\/www.unallarmakina.com.tr\/en\/wp-json\/wp\/v2\/pages"}],"about":[{"href":"https:\/\/www.unallarmakina.com.tr\/en\/wp-json\/wp\/v2\/types\/page"}],"author":[{"embeddable":true,"href":"https:\/\/www.unallarmakina.com.tr\/en\/wp-json\/wp\/v2\/users\/1"}],"replies":[{"embeddable":true,"href":"https:\/\/www.unallarmakina.com.tr\/en\/wp-json\/wp\/v2\/comments?post=1149"}],"version-history":[{"count":2,"href":"https:\/\/www.unallarmakina.com.tr\/en\/wp-json\/wp\/v2\/pages\/1149\/revisions"}],"predecessor-version":[{"id":1305,"href":"https:\/\/www.unallarmakina.com.tr\/en\/wp-json\/wp\/v2\/pages\/1149\/revisions\/1305"}],"up":[{"embeddable":true,"href":"https:\/\/www.unallarmakina.com.tr\/en\/wp-json\/wp\/v2\/pages\/1068"}],"wp:attachment":[{"href":"https:\/\/www.unallarmakina.com.tr\/en\/wp-json\/wp\/v2\/media?parent=1149"}],"curies":[{"name":"wp","href":"https:\/\/api.w.org\/{rel}","templated":true}]}}