{"id":11,"date":"2021-02-10T02:33:27","date_gmt":"2021-02-10T02:33:27","guid":{"rendered":"http:\/\/sw-themes.com\/porto_dummy\/?page_id=11"},"modified":"2022-04-15T07:51:42","modified_gmt":"2022-04-15T07:51:42","slug":"hakkimizda","status":"publish","type":"page","link":"https:\/\/www.unallarmakina.com.tr\/en\/hakkimizda\/","title":{"rendered":"About Us"},"content":{"rendered":"<div class=\"vc_row wpb_row pt-3 mt-4 porto-inner-container\"><div class=\"porto-wrap-container container\"><div class=\"row\"><div class=\"vc_column_container col-md-12\"><div class=\"wpb_wrapper vc_column-inner\">\n\t<div class=\"wpb_text_column wpb_content_element\" >\n\t\t<div class=\"wpb_wrapper\">\n\t\t\t<p style=\"text-align: center;\"><span style=\"font-size: 24px;\"><strong>\u00dcnallar Makina \u0130th. \u0130hr. San. ve Tic. Ltd. \u015eti.<\/strong><\/span><\/p>\n\n\t\t<\/div>\n\t<\/div>\n<\/div><\/div><div class=\"vc_column_container col-md-6\"><div class=\"wpb_wrapper vc_column-inner\">\n\t<div class=\"wpb_text_column wpb_content_element\" >\n\t\t<div class=\"wpb_wrapper\">\n\t\t\t<p>We, Unallar Makina<em>(www.unallarmakina.com.tr)<\/em>who set out with the principle of \"providing world-class solutions to our customers by using the latest technologies\" in 1980, reached the place we deserve in these sectors by producing various machines and establishing facilities in the field of Hydraulic and Pneumatic machinery and equipment recycling.<\/p>\n<p>With our engineering services; In addition to hydraulic block design and manufacture, hydraulic power unit and production and hydraulic cylinder manufacturing, we aim to provide quality service to our customers regarding \"RECYCLING\".<\/p>\n<p>With an understanding that prioritizes quality and customer satisfaction, it has gained an important place in the sector with its experienced engineers, sales and manufacturing personnel, technical support and after-sales services.<\/p>\n<p>Our aim; is to meet the demands of our customers in the best way by always keeping quality and customer satisfaction in the foreground.<\/p>\n<p>Our products are produced in accordance with European standards and are 100% Turkish made.<\/p>\n<p>In order to fulfill its commitments on time and completely, our company, which has the necessary materials, knowledge, team and equipment, always aims to do the best and constantly increase customer satisfaction.<\/p>\n<p>In this sense, you can contact us for our products on our website and also for the machines and facilities you need in the \"Recycling\" sector.<\/p>\n\n\t\t<\/div>\n\t<\/div>\n<\/div><\/div><div class=\"vc_column_container col-md-6\"><div class=\"wpb_wrapper vc_column-inner\"><div class=\"vc_empty_space\"   style=\"height: 10px\"><span class=\"vc_empty_space_inner\"><\/span><\/div>\n\t<div class=\"wpb_single_image wpb_content_element vc_align_left\">\n\t\t<div class=\"wpb_wrapper\">\n\t\t\t\n\t\t\t<div class=\"vc_single_image-wrapper   vc_box_border_grey\"><img loading=\"lazy\" decoding=\"async\" width=\"1585\" height=\"2024\" src=\"https:\/\/www.unallarmakina.com.tr\/wp-content\/uploads\/2022\/04\/about-1.jpg\" class=\"vc_single_image-img attachment-full\" alt=\"\" srcset=\"https:\/\/www.unallarmakina.com.tr\/wp-content\/uploads\/2022\/04\/about-1.jpg 1585w, https:\/\/www.unallarmakina.com.tr\/wp-content\/uploads\/2022\/04\/about-1-802x1024.jpg 802w, https:\/\/www.unallarmakina.com.tr\/wp-content\/uploads\/2022\/04\/about-1-768x981.jpg 768w, https:\/\/www.unallarmakina.com.tr\/wp-content\/uploads\/2022\/04\/about-1-1203x1536.jpg 1203w, https:\/\/www.unallarmakina.com.tr\/wp-content\/uploads\/2022\/04\/about-1-640x817.jpg 640w, https:\/\/www.unallarmakina.com.tr\/wp-content\/uploads\/2022\/04\/about-1-400x511.jpg 400w, https:\/\/www.unallarmakina.com.tr\/wp-content\/uploads\/2022\/04\/about-1-367x469.jpg 367w, https:\/\/www.unallarmakina.com.tr\/wp-content\/uploads\/2022\/04\/about-1-800x1022.jpg 800w\" sizes=\"auto, (max-width: 1585px) 100vw, 1585px\" \/><\/div>\n\t\t<\/div>\n\t<\/div>\n<\/div><\/div><\/div><\/div><\/div>","protected":false},"excerpt":{"rendered":"\u00dcnallar Makina \u0130th. \u0130hr. San. ve Tic. Ltd. \u015eti. 1980 y\u0131l\u0131nda \"en son teknolojileri kullanarak m\u00fc\u015fterilerine d\u00fcnya standartlar\u0131nda \u00e7\u00f6z\u00fcmler sunmak\" ilkesiyle yola \u00e7\u0131kan \u00dcnallar Makina , (www.unallarmakina.com.tr) Hidrolik ve Pn\u00f6matik makine ve techizat\u00a0 Geri D\u00f6n\u00fc\u015f\u00fcm konusunda ise \u00e7e\u015fitli makinalar\u00a0 \u00fcreterek ve tesisler kurarak bu sekt\u00f6rlerde hak etti\u011fi yere ula\u015fm\u0131\u015ft\u0131r. M\u00fchendislik hizmetleri ile; Hidrolik blok tasar\u0131m\u0131 [...]","protected":false},"author":1,"featured_media":0,"parent":0,"menu_order":0,"comment_status":"closed","ping_status":"closed","template":"","meta":{"footnotes":""},"class_list":["post-11","page","type-page","status-publish","hentry"],"_links":{"self":[{"href":"https:\/\/www.unallarmakina.com.tr\/en\/wp-json\/wp\/v2\/pages\/11","targetHints":{"allow":["GET"]}}],"collection":[{"href":"https:\/\/www.unallarmakina.com.tr\/en\/wp-json\/wp\/v2\/pages"}],"about":[{"href":"https:\/\/www.unallarmakina.com.tr\/en\/wp-json\/wp\/v2\/types\/page"}],"author":[{"embeddable":true,"href":"https:\/\/www.unallarmakina.com.tr\/en\/wp-json\/wp\/v2\/users\/1"}],"replies":[{"embeddable":true,"href":"https:\/\/www.unallarmakina.com.tr\/en\/wp-json\/wp\/v2\/comments?post=11"}],"version-history":[{"count":9,"href":"https:\/\/www.unallarmakina.com.tr\/en\/wp-json\/wp\/v2\/pages\/11\/revisions"}],"predecessor-version":[{"id":862,"href":"https:\/\/www.unallarmakina.com.tr\/en\/wp-json\/wp\/v2\/pages\/11\/revisions\/862"}],"wp:attachment":[{"href":"https:\/\/www.unallarmakina.com.tr\/en\/wp-json\/wp\/v2\/media?parent=11"}],"curies":[{"name":"wp","href":"https:\/\/api.w.org\/{rel}","templated":true}]}}