{"id":1072,"date":"2022-04-03T09:24:13","date_gmt":"2022-04-03T09:24:13","guid":{"rendered":"https:\/\/www.unallarmakina.com.tr\/?page_id=1072"},"modified":"2022-04-03T09:46:52","modified_gmt":"2022-04-03T09:46:52","slug":"hidrolik-uniteler","status":"publish","type":"page","link":"https:\/\/www.unallarmakina.com.tr\/en\/urun-gruplari\/hidrolik-uniteler\/","title":{"rendered":"Hydraulic Units"},"content":{"rendered":"<div class=\"vc_row wpb_row row\"><div class=\"vc_column_container col-md-12\"><div class=\"wpb_wrapper vc_column-inner\">\n\t<div class=\"wpb_text_column wpb_content_element\" >\n\t\t<div class=\"wpb_wrapper\">\n\t\t\t<p style=\"text-align: center;\">- Basically, a hydraulic power unit is essentially an independent unit consisting of a motor, a reservoir and a hydraulic pump.<\/p>\n<p style=\"text-align: center;\">- Hydraulic power units that use fluid to transmit power from one location to another can generate large amounts of power that can be used to drive hydraulic machinery.<\/p>\n<p style=\"text-align: center;\">- Hydraulic power units are produced in our workshop for many different applications in line with the demands of our customers.<\/p>\n<p style=\"text-align: center;\">- Hydraulic power units are designed by us according to the determined force, speed, frequency, operating order, position protection, cruise control, etc. functions<\/p>\n<p style=\"text-align: center;\">- Power units are manufactured according to these projects.<\/p>\n<p style=\"text-align: center;\">- All of the power units designed and produced in our workshop are subjected to tightness, pressure and function tests.<\/p>\n\n\t\t<\/div>\n\t<\/div>\n<\/div><\/div><\/div><div class=\"vc_row wpb_row row\"><div class=\"vc_column_container col-md-1\"><div class=\"wpb_wrapper vc_column-inner\"><\/div><\/div><div class=\"vc_column_container col-md-10\"><div class=\"wpb_wrapper vc_column-inner\"><div class=\"wpb_gallery wpb_content_element vc_clearfix\" ><div class=\"wpb_wrapper\"><div class=\"wpb_gallery_slides wpb_image_grid\" data-interval=\"3\"><ul class=\"wpb_image_grid_ul\"><li class=\"isotope-item\"><a class=\"\" href=\"https:\/\/www.unallarmakina.com.tr\/wp-content\/uploads\/2022\/04\/1.jpg\" data-lightbox=\"lightbox[rel-1072-1188227074]\"><img loading=\"lazy\" decoding=\"async\" class=\"\" src=\"https:\/\/www.unallarmakina.com.tr\/wp-content\/uploads\/2022\/04\/1-300x300.jpg\" width=\"300\" height=\"300\" alt=\"1\" title=\"1\" \/><\/a><\/li><li class=\"isotope-item\"><a class=\"\" href=\"https:\/\/www.unallarmakina.com.tr\/wp-content\/uploads\/2022\/04\/2-691x1024.png\" data-lightbox=\"lightbox[rel-1072-1188227074]\"><img loading=\"lazy\" decoding=\"async\" class=\"\" src=\"https:\/\/www.unallarmakina.com.tr\/wp-content\/uploads\/2022\/04\/2-300x300.png\" width=\"300\" height=\"300\" alt=\"2\" title=\"2\" \/><\/a><\/li><li class=\"isotope-item\"><a class=\"\" href=\"https:\/\/www.unallarmakina.com.tr\/wp-content\/uploads\/2022\/04\/3.jpg\" data-lightbox=\"lightbox[rel-1072-1188227074]\"><img loading=\"lazy\" decoding=\"async\" class=\"\" src=\"https:\/\/www.unallarmakina.com.tr\/wp-content\/uploads\/2022\/04\/3-300x300.jpg\" width=\"300\" height=\"300\" alt=\"3\" title=\"3\" \/><\/a><\/li><li class=\"isotope-item\"><a class=\"\" href=\"https:\/\/www.unallarmakina.com.tr\/wp-content\/uploads\/2022\/04\/4.jpg\" data-lightbox=\"lightbox[rel-1072-1188227074]\"><img loading=\"lazy\" decoding=\"async\" class=\"\" src=\"https:\/\/www.unallarmakina.com.tr\/wp-content\/uploads\/2022\/04\/4-300x300.jpg\" width=\"300\" height=\"300\" alt=\"4\" title=\"4\" \/><\/a><\/li><li class=\"isotope-item\"><a class=\"\" href=\"https:\/\/www.unallarmakina.com.tr\/wp-content\/uploads\/2022\/04\/5.jpg\" data-lightbox=\"lightbox[rel-1072-1188227074]\"><img loading=\"lazy\" decoding=\"async\" class=\"\" src=\"https:\/\/www.unallarmakina.com.tr\/wp-content\/uploads\/2022\/04\/5-300x300.jpg\" width=\"300\" height=\"300\" alt=\"5\" title=\"5\" \/><\/a><\/li><li class=\"isotope-item\"><a class=\"\" href=\"https:\/\/www.unallarmakina.com.tr\/wp-content\/uploads\/2022\/04\/6.jpg\" data-lightbox=\"lightbox[rel-1072-1188227074]\"><img loading=\"lazy\" decoding=\"async\" class=\"\" src=\"https:\/\/www.unallarmakina.com.tr\/wp-content\/uploads\/2022\/04\/6-300x300.jpg\" width=\"300\" height=\"300\" alt=\"6\" title=\"6\" \/><\/a><\/li><li class=\"isotope-item\"><a class=\"\" href=\"https:\/\/www.unallarmakina.com.tr\/wp-content\/uploads\/2022\/04\/7.jpg\" data-lightbox=\"lightbox[rel-1072-1188227074]\"><img loading=\"lazy\" decoding=\"async\" class=\"\" src=\"https:\/\/www.unallarmakina.com.tr\/wp-content\/uploads\/2022\/04\/7-300x300.jpg\" width=\"300\" height=\"300\" alt=\"7\" title=\"7\" \/><\/a><\/li><li class=\"isotope-item\"><a class=\"\" href=\"https:\/\/www.unallarmakina.com.tr\/wp-content\/uploads\/2022\/04\/8.jpg\" data-lightbox=\"lightbox[rel-1072-1188227074]\"><img loading=\"lazy\" decoding=\"async\" class=\"\" src=\"https:\/\/www.unallarmakina.com.tr\/wp-content\/uploads\/2022\/04\/8-300x300.jpg\" width=\"300\" height=\"300\" alt=\"8\" title=\"8\" \/><\/a><\/li><li class=\"isotope-item\"><a class=\"\" href=\"https:\/\/www.unallarmakina.com.tr\/wp-content\/uploads\/2022\/04\/9.jpg\" data-lightbox=\"lightbox[rel-1072-1188227074]\"><img loading=\"lazy\" decoding=\"async\" class=\"\" src=\"https:\/\/www.unallarmakina.com.tr\/wp-content\/uploads\/2022\/04\/9-300x300.jpg\" width=\"300\" height=\"300\" alt=\"9\" title=\"9\" \/><\/a><\/li><li class=\"isotope-item\"><a class=\"\" href=\"https:\/\/www.unallarmakina.com.tr\/wp-content\/uploads\/2022\/04\/10.png\" data-lightbox=\"lightbox[rel-1072-1188227074]\"><img loading=\"lazy\" decoding=\"async\" class=\"\" src=\"https:\/\/www.unallarmakina.com.tr\/wp-content\/uploads\/2022\/04\/10-300x300.png\" width=\"300\" height=\"300\" alt=\"10\" title=\"10\" \/><\/a><\/li><li class=\"isotope-item\"><a class=\"\" href=\"https:\/\/www.unallarmakina.com.tr\/wp-content\/uploads\/2022\/04\/11.jpg\" data-lightbox=\"lightbox[rel-1072-1188227074]\"><img loading=\"lazy\" decoding=\"async\" class=\"\" src=\"https:\/\/www.unallarmakina.com.tr\/wp-content\/uploads\/2022\/04\/11-300x300.jpg\" width=\"300\" height=\"300\" alt=\"11\" title=\"11\" \/><\/a><\/li><li class=\"isotope-item\"><a class=\"\" href=\"https:\/\/www.unallarmakina.com.tr\/wp-content\/uploads\/2022\/04\/12.jpg\" data-lightbox=\"lightbox[rel-1072-1188227074]\"><img loading=\"lazy\" decoding=\"async\" class=\"\" src=\"https:\/\/www.unallarmakina.com.tr\/wp-content\/uploads\/2022\/04\/12-300x300.jpg\" width=\"300\" height=\"300\" alt=\"12\" title=\"12\" \/><\/a><\/li><li class=\"isotope-item\"><a class=\"\" href=\"https:\/\/www.unallarmakina.com.tr\/wp-content\/uploads\/2022\/04\/13.jpg\" data-lightbox=\"lightbox[rel-1072-1188227074]\"><img loading=\"lazy\" decoding=\"async\" class=\"\" src=\"https:\/\/www.unallarmakina.com.tr\/wp-content\/uploads\/2022\/04\/13-300x300.jpg\" width=\"300\" height=\"300\" alt=\"13\" title=\"13\" \/><\/a><\/li><li class=\"isotope-item\"><a class=\"\" href=\"https:\/\/www.unallarmakina.com.tr\/wp-content\/uploads\/2022\/04\/14.jpg\" data-lightbox=\"lightbox[rel-1072-1188227074]\"><img loading=\"lazy\" decoding=\"async\" class=\"\" src=\"https:\/\/www.unallarmakina.com.tr\/wp-content\/uploads\/2022\/04\/14-300x300.jpg\" width=\"300\" height=\"300\" alt=\"14\" title=\"14\" \/><\/a><\/li><li class=\"isotope-item\"><a class=\"\" href=\"https:\/\/www.unallarmakina.com.tr\/wp-content\/uploads\/2022\/04\/15.jpg\" data-lightbox=\"lightbox[rel-1072-1188227074]\"><img loading=\"lazy\" decoding=\"async\" class=\"\" src=\"https:\/\/www.unallarmakina.com.tr\/wp-content\/uploads\/2022\/04\/15-300x300.jpg\" width=\"300\" height=\"300\" alt=\"15\" title=\"15\" \/><\/a><\/li><li class=\"isotope-item\"><a class=\"\" href=\"https:\/\/www.unallarmakina.com.tr\/wp-content\/uploads\/2022\/04\/16.png\" data-lightbox=\"lightbox[rel-1072-1188227074]\"><img loading=\"lazy\" decoding=\"async\" class=\"\" src=\"https:\/\/www.unallarmakina.com.tr\/wp-content\/uploads\/2022\/04\/16-300x300.png\" width=\"300\" height=\"300\" alt=\"16\" title=\"16\" \/><\/a><\/li><\/ul><\/div><\/div><\/div><\/div><\/div><div class=\"vc_column_container col-md-1\"><div class=\"wpb_wrapper vc_column-inner\"><\/div><\/div><\/div>","protected":false},"excerpt":{"rendered":"-Temel olarak, bir hidrolik g\u00fc\u00e7 \u00fcnitesi esas olarak bir motor, bir rezervuar ve bir hidrolik pompadan olu\u015fan ba\u011f\u0131ms\u0131z bir \u00fcnitedir. -G\u00fcc\u00fc bir konumdan di\u011ferine iletmek i\u00e7in s\u0131v\u0131 kullanan hidrolik g\u00fc\u00e7 \u00fcniteleri, hidrolik makineleri s\u00fcrmek i\u00e7in kullan\u0131labilecek b\u00fcy\u00fck miktarda g\u00fc\u00e7 \u00fcretebilir. -M\u00fc\u015fterilerimizin talepleri do\u011frultusunda pek \u00e7ok farkl\u0131 uygulama i\u00e7in hidrolik g\u00fc\u00e7 \u00fcniteleri at\u00f6lyemizde \u00fcretilmektedir. -Belirlenmi\u015f olan [...]","protected":false},"author":1,"featured_media":0,"parent":1068,"menu_order":0,"comment_status":"closed","ping_status":"closed","template":"","meta":{"footnotes":""},"class_list":["post-1072","page","type-page","status-publish","hentry"],"_links":{"self":[{"href":"https:\/\/www.unallarmakina.com.tr\/en\/wp-json\/wp\/v2\/pages\/1072","targetHints":{"allow":["GET"]}}],"collection":[{"href":"https:\/\/www.unallarmakina.com.tr\/en\/wp-json\/wp\/v2\/pages"}],"about":[{"href":"https:\/\/www.unallarmakina.com.tr\/en\/wp-json\/wp\/v2\/types\/page"}],"author":[{"embeddable":true,"href":"https:\/\/www.unallarmakina.com.tr\/en\/wp-json\/wp\/v2\/users\/1"}],"replies":[{"embeddable":true,"href":"https:\/\/www.unallarmakina.com.tr\/en\/wp-json\/wp\/v2\/comments?post=1072"}],"version-history":[{"count":5,"href":"https:\/\/www.unallarmakina.com.tr\/en\/wp-json\/wp\/v2\/pages\/1072\/revisions"}],"predecessor-version":[{"id":1146,"href":"https:\/\/www.unallarmakina.com.tr\/en\/wp-json\/wp\/v2\/pages\/1072\/revisions\/1146"}],"up":[{"embeddable":true,"href":"https:\/\/www.unallarmakina.com.tr\/en\/wp-json\/wp\/v2\/pages\/1068"}],"wp:attachment":[{"href":"https:\/\/www.unallarmakina.com.tr\/en\/wp-json\/wp\/v2\/media?parent=1072"}],"curies":[{"name":"wp","href":"https:\/\/api.w.org\/{rel}","templated":true}]}}