{"id":983,"date":"2022-04-03T06:51:34","date_gmt":"2022-04-03T06:51:34","guid":{"rendered":"https:\/\/www.unallarmakina.com.tr\/?post_type=product&#038;p=983"},"modified":"2022-04-07T06:28:43","modified_gmt":"2022-04-07T06:28:43","slug":"yatay-balya-pres","status":"publish","type":"product","link":"https:\/\/www.unallarmakina.com.tr\/ar\/product\/yatay-balya-pres\/","title":{"rendered":"Yatay Balya Pres"},"content":{"rendered":"","protected":false},"excerpt":{"rendered":"<p>Yatay balya pres makinesinde, hidrolik \u00fcnite taraf\u0131ndan itilen ko\u00e7, d\u00f6k\u00fcm haznesinden bo\u015falt\u0131lan ka\u011f\u0131t vb. malzemeyi s\u0131k\u0131\u015ft\u0131rarak iter ve bu malzeme pres \u00e7\u0131k\u0131\u015f\u0131nda, Fabrikam\u0131z. tasar\u0131m\u0131 olan otomatik ba\u011flama d\u00fczene\u011fi taraf\u0131ndan ba\u011flan\u0131r .<\/p>\n<p><strong>\u0645\u0627\u0643\u064a\u0646\u0627\u062a  \u0623\u0648\u0646\u0627\u0644\u0627\u0631<\/strong>. otomatik balya ba\u011flama \u00fcnitesi\u00a0 en az\u00a0 17 saniyede otomatik ba\u011flama yapabilecek \u00f6zelli\u011fe\u00a0 sahiptir.<\/p>\n<p>&nbsp;<\/p>\n<table>\n<tbody>\n<tr>\n<td colspan=\"2\" width=\"604\"><span style=\"font-size: 20px;\"><strong>REFERANS\u00a0 \u00d6ZELL\u0130KLER<\/strong><\/span><\/td>\n<\/tr>\n<tr>\n<td width=\"226\"><strong>\u00dcRET\u0130C\u0130<\/strong><\/td>\n<td width=\"378\">UNALLAR MAKINA<\/td>\n<\/tr>\n<tr>\n<td width=\"226\"><strong>\u00dcR\u00dcN<\/strong><\/td>\n<td width=\"378\">YATAY BALYA PRES\u0130<\/td>\n<\/tr>\n<tr>\n<td width=\"226\"><strong>MODEL<\/strong><\/td>\n<td width=\"378\">UN-70<\/td>\n<\/tr>\n<tr>\n<td width=\"226\"><strong>KO\u00c7 BASMA KUVVET\u0130<\/strong><\/td>\n<td width=\"378\">70 T<\/td>\n<\/tr>\n<tr>\n<td width=\"226\"><strong>TEL BA\u011eLAMA<\/strong><\/td>\n<td width=\"378\">OTOMAT\u0130K<\/td>\n<\/tr>\n<tr>\n<td width=\"226\"><strong>TEL SAYISI<\/strong><\/td>\n<td width=\"378\">4 ADET<\/td>\n<\/tr>\n<tr>\n<td width=\"226\"><strong>BALYA \u00d6L\u00c7\u00dcS\u00dc<\/strong><\/td>\n<td width=\"378\">1100 X 850 X\u2026\u2026.(AYARLANAB\u0130L\u0130R)<\/td>\n<\/tr>\n<tr>\n<td width=\"226\"><strong>G\u0130R\u0130\u015e HANES\u0130<\/strong><\/td>\n<td width=\"378\">1400 X 1020 MM<\/td>\n<\/tr>\n<tr>\n<td width=\"226\"><strong>BALYA A\u011eIRLI\u011eI<\/strong><\/td>\n<td width=\"378\">500 \u2013 700 KG<\/td>\n<\/tr>\n<tr>\n<td width=\"226\"><strong>TEOR\u0130K \u00c7EVR\u0130M S\u00dcRES\u0130<\/strong><\/td>\n<td width=\"378\">17 SN<\/td>\n<\/tr>\n<tr>\n<td width=\"226\"><strong>H\u0130DROL\u0130K YA\u011e TANKI<\/strong><\/td>\n<td width=\"378\">1500 LT<\/td>\n<\/tr>\n<tr>\n<td width=\"226\"><strong>KAPAS\u0130TE<\/strong><\/td>\n<td width=\"378\">KARTON: 7.5 T\/SGAZETE: 15 T\/S<\/td>\n<\/tr>\n<tr>\n<td width=\"226\"><strong>ELEKTR\u0130K MOTORU<\/strong><\/td>\n<td width=\"378\">37 KW \/ 380 V \/ 50 HZ \/ 3 FAZ<\/td>\n<\/tr>\n<tr>\n<td width=\"226\"><strong>\u00dcR\u00dcN<\/strong><\/td>\n<td width=\"378\">PD-120 PET DEL\u0130C\u0130<\/td>\n<\/tr>\n<tr>\n<td width=\"226\"><strong>MONTAJ<\/strong><\/td>\n<td width=\"378\">HAZNEYE MONTAJLI<\/td>\n<\/tr>\n<tr>\n<td width=\"226\"><strong>BI\u00c7AKLAR<\/strong><\/td>\n<td width=\"378\">ST42(DE\u011e\u0130\u015eT\u0130R\u0130LEB\u0130L\u0130R)<\/td>\n<\/tr>\n<tr>\n<td width=\"226\"><strong>MAK\u0130NE \u00d6L\u00c7\u00dcLER\u0130<\/strong><\/td>\n<td width=\"378\">5500 X 1400 X 3440 MM<\/td>\n<\/tr>\n<tr>\n<td width=\"226\"><strong>ELEKTR\u0130K MOTORU<\/strong><\/td>\n<td width=\"378\">3 KW X 2 \/ 380 V \/ 50 HZ \/ 3 FAZ<\/td>\n<\/tr>\n<tr>\n<td width=\"226\"><strong>BOYA<\/strong><\/td>\n<td width=\"378\">M\u00dc\u015eTER\u0130 \u0130STE\u011e\u0130<\/td>\n<\/tr>\n<\/tbody>\n<\/table>","protected":false},"featured_media":1283,"template":"","meta":[],"product_cat":[56],"product_tag":[],"class_list":["post-983","product","type-product","status-publish","has-post-thumbnail","hentry","product_cat-balya-pres"],"_links":{"self":[{"href":"https:\/\/www.unallarmakina.com.tr\/ar\/wp-json\/wp\/v2\/product\/983","targetHints":{"allow":["GET"]}}],"collection":[{"href":"https:\/\/www.unallarmakina.com.tr\/ar\/wp-json\/wp\/v2\/product"}],"about":[{"href":"https:\/\/www.unallarmakina.com.tr\/ar\/wp-json\/wp\/v2\/types\/product"}],"wp:featuredmedia":[{"embeddable":true,"href":"https:\/\/www.unallarmakina.com.tr\/ar\/wp-json\/wp\/v2\/media\/1283"}],"wp:attachment":[{"href":"https:\/\/www.unallarmakina.com.tr\/ar\/wp-json\/wp\/v2\/media?parent=983"}],"wp:term":[{"taxonomy":"product_cat","embeddable":true,"href":"https:\/\/www.unallarmakina.com.tr\/ar\/wp-json\/wp\/v2\/product_cat?post=983"},{"taxonomy":"product_tag","embeddable":true,"href":"https:\/\/www.unallarmakina.com.tr\/ar\/wp-json\/wp\/v2\/product_tag?post=983"}],"curies":[{"name":"wp","href":"https:\/\/api.w.org\/{rel}","templated":true}]}}