{"id":1019,"date":"2022-04-03T07:55:19","date_gmt":"2022-04-03T07:55:19","guid":{"rendered":"https:\/\/www.unallarmakina.com.tr\/?post_type=product&#038;p=1019"},"modified":"2022-04-07T06:10:08","modified_gmt":"2022-04-07T06:10:08","slug":"poset-acici","status":"publish","type":"product","link":"https:\/\/www.unallarmakina.com.tr\/ar\/product\/poset-acici\/","title":{"rendered":"\u0641\u062a\u0627\u062d\u0629 \u0623\u0643\u064a\u0627\u0633"},"content":{"rendered":"","protected":false},"excerpt":{"rendered":"<p>Farkl\u0131 ebatlarda po\u015fetleri a\u00e7mak i\u00e7in tasarlanm\u0131\u015ft\u0131r. Kat\u0131 at\u0131k \u00f6n ayr\u0131\u015ft\u0131rmadan\u00a0 sonra po\u015fet a\u00e7\u0131c\u0131ya gelir. Po\u015fet i\u00e7indeki at\u0131klar\u0131 par\u00e7alamadan a\u00e7ar .Performans %90 \u2013 95 aras\u0131ndad\u0131r.\u00a0 Kapasite ihtiyac\u0131na g\u00f6re \u00e7e\u015fitli ebatlarda tesisimizde \u00fcretilmektedir. S\u0131k\u0131\u015fma an\u0131nda geri d\u00f6nerek sistemin durmas\u0131n\u0131 engeller. Sarfiyat\u0131 ileri teknoloji ile ile\u00a0 minimuma indirilmi\u015f verimli bir \u00fcr\u00fcnd\u00fcr.<\/p>","protected":false},"featured_media":1272,"template":"","meta":[],"product_cat":[54],"product_tag":[],"class_list":["post-1019","product","type-product","status-publish","has-post-thumbnail","hentry","product_cat-geri-donusum-tesisi"],"_links":{"self":[{"href":"https:\/\/www.unallarmakina.com.tr\/ar\/wp-json\/wp\/v2\/product\/1019","targetHints":{"allow":["GET"]}}],"collection":[{"href":"https:\/\/www.unallarmakina.com.tr\/ar\/wp-json\/wp\/v2\/product"}],"about":[{"href":"https:\/\/www.unallarmakina.com.tr\/ar\/wp-json\/wp\/v2\/types\/product"}],"wp:featuredmedia":[{"embeddable":true,"href":"https:\/\/www.unallarmakina.com.tr\/ar\/wp-json\/wp\/v2\/media\/1272"}],"wp:attachment":[{"href":"https:\/\/www.unallarmakina.com.tr\/ar\/wp-json\/wp\/v2\/media?parent=1019"}],"wp:term":[{"taxonomy":"product_cat","embeddable":true,"href":"https:\/\/www.unallarmakina.com.tr\/ar\/wp-json\/wp\/v2\/product_cat?post=1019"},{"taxonomy":"product_tag","embeddable":true,"href":"https:\/\/www.unallarmakina.com.tr\/ar\/wp-json\/wp\/v2\/product_tag?post=1019"}],"curies":[{"name":"wp","href":"https:\/\/api.w.org\/{rel}","templated":true}]}}