{"id":1017,"date":"2022-04-03T07:53:13","date_gmt":"2022-04-03T07:53:13","guid":{"rendered":"https:\/\/www.unallarmakina.com.tr\/?post_type=product&#038;p=1017"},"modified":"2022-04-03T08:41:31","modified_gmt":"2022-04-03T08:41:31","slug":"zincirli-konveyor","status":"publish","type":"product","link":"https:\/\/www.unallarmakina.com.tr\/ar\/product\/zincirli-konveyor\/","title":{"rendered":"\u0646\u0627\u0642\u0644 \u0627\u0644\u062d\u0644\u0642\u0627\u062a"},"content":{"rendered":"","protected":false},"excerpt":{"rendered":"<p>Kat\u0131 at\u0131k ve\u00a0 taneli maddelerin ta\u015f\u0131nmas\u0131nda \u00f6nc\u00fcl\u00fck eden \u00a0zincirli konvey\u00f6rler, 80 m3\/saat &#8211; 350 m3\/h kapasite aral\u0131klar\u0131nda fabrikam\u0131zda \u00fcetilmektedir.<\/p>\n<p>Galvenizli \u00e7elik\u2019ten mod\u00fcler olarak imal edilen konvey\u00f6rlerimiz de\u011fi\u015fik kapasitelerde \u00fcretilebilmektedir. Civatalar\u0131 s\u00f6k\u00fcl\u00fcp tak\u0131l\u0131r oldu\u011fundan kolay bak\u0131m avantaj\u0131 sa\u011flar.<\/p>\n<p>Konvey\u00f6rlerimiz, sens\u00f6rler sayesinde kolay ta\u015f\u0131ma avantaj\u0131na sahip olup tahrik motoru g\u00fcc\u00fcne g\u00f6re, zincir di\u015fli aktarmal\u0131 red\u00fckt\u00f6rl\u00fc motor ya da kay\u0131\u015f-kasnak tahrikli red\u00fckt\u00f6rl\u00fc motor se\u00e7enekleri ile en g\u00fcvenli ve verimli tahrik sistemi uygulan\u0131r. \u0130ste\u011fe g\u00f6re kasalar\u00a0 makaral\u0131 yada b\u00f6lmeli imal edilir.<\/p>","protected":false},"featured_media":1018,"template":"","meta":[],"product_cat":[54],"product_tag":[],"class_list":["post-1017","product","type-product","status-publish","has-post-thumbnail","hentry","product_cat-geri-donusum-tesisi"],"_links":{"self":[{"href":"https:\/\/www.unallarmakina.com.tr\/ar\/wp-json\/wp\/v2\/product\/1017","targetHints":{"allow":["GET"]}}],"collection":[{"href":"https:\/\/www.unallarmakina.com.tr\/ar\/wp-json\/wp\/v2\/product"}],"about":[{"href":"https:\/\/www.unallarmakina.com.tr\/ar\/wp-json\/wp\/v2\/types\/product"}],"wp:featuredmedia":[{"embeddable":true,"href":"https:\/\/www.unallarmakina.com.tr\/ar\/wp-json\/wp\/v2\/media\/1018"}],"wp:attachment":[{"href":"https:\/\/www.unallarmakina.com.tr\/ar\/wp-json\/wp\/v2\/media?parent=1017"}],"wp:term":[{"taxonomy":"product_cat","embeddable":true,"href":"https:\/\/www.unallarmakina.com.tr\/ar\/wp-json\/wp\/v2\/product_cat?post=1017"},{"taxonomy":"product_tag","embeddable":true,"href":"https:\/\/www.unallarmakina.com.tr\/ar\/wp-json\/wp\/v2\/product_tag?post=1017"}],"curies":[{"name":"wp","href":"https:\/\/api.w.org\/{rel}","templated":true}]}}