{"id":1008,"date":"2022-04-03T07:46:23","date_gmt":"2022-04-03T07:46:23","guid":{"rendered":"https:\/\/www.unallarmakina.com.tr\/?post_type=product&#038;p=1008"},"modified":"2022-04-15T07:58:15","modified_gmt":"2022-04-15T07:58:15","slug":"eddy-current","status":"publish","type":"product","link":"https:\/\/www.unallarmakina.com.tr\/ar\/product\/eddy-current\/","title":{"rendered":"\u0627\u0644\u062a\u064a\u0627\u0631 \u0625\u064a\u062f\u064a"},"content":{"rendered":"","protected":false},"excerpt":{"rendered":"<p>\u00c7\u00f6z\u00fcm ortaklar\u0131m\u0131zdan BASS \u2018 dan temin edilmektedir.<\/p>\n<p>B A S\u00ae Eddy ak\u0131ml\u0131 non-ferrous metal separat\u00f6rler, ferromanyetik olmayan metallerin ay\u0131klanmas\u0131nda kullan\u0131lmaktad\u0131r. Eddy ak\u0131ml\u0131 separat\u00f6rler belirli fraksiyonda dizilmi\u015f manyetik tamburun kendi ekseninde belirli devirde d\u00f6nmesiyle birlikte manyetik tambur \u00fczerinde eddy ak\u0131m\u0131 olu\u015fturur bu ak\u0131m ile \u00fczerine belirli bir h\u0131zda gelen non-ferrous malzemeler o alana girer ve h\u0131zlanarak ak\u0131m d\u0131\u015f\u0131na f\u0131rlat\u0131l\u0131r, bu y\u00f6ntemle non-ferrous malzemeler ile di\u011fer malzemeler birbirinden ayr\u0131lm\u0131\u015f olur.<\/p>","protected":false},"featured_media":1009,"template":"","meta":[],"product_cat":[54],"product_tag":[],"class_list":["post-1008","product","type-product","status-publish","has-post-thumbnail","hentry","product_cat-geri-donusum-tesisi"],"_links":{"self":[{"href":"https:\/\/www.unallarmakina.com.tr\/ar\/wp-json\/wp\/v2\/product\/1008","targetHints":{"allow":["GET"]}}],"collection":[{"href":"https:\/\/www.unallarmakina.com.tr\/ar\/wp-json\/wp\/v2\/product"}],"about":[{"href":"https:\/\/www.unallarmakina.com.tr\/ar\/wp-json\/wp\/v2\/types\/product"}],"wp:featuredmedia":[{"embeddable":true,"href":"https:\/\/www.unallarmakina.com.tr\/ar\/wp-json\/wp\/v2\/media\/1009"}],"wp:attachment":[{"href":"https:\/\/www.unallarmakina.com.tr\/ar\/wp-json\/wp\/v2\/media?parent=1008"}],"wp:term":[{"taxonomy":"product_cat","embeddable":true,"href":"https:\/\/www.unallarmakina.com.tr\/ar\/wp-json\/wp\/v2\/product_cat?post=1008"},{"taxonomy":"product_tag","embeddable":true,"href":"https:\/\/www.unallarmakina.com.tr\/ar\/wp-json\/wp\/v2\/product_tag?post=1008"}],"curies":[{"name":"wp","href":"https:\/\/api.w.org\/{rel}","templated":true}]}}