{"id":1068,"date":"2022-04-03T09:23:09","date_gmt":"2022-04-03T09:23:09","guid":{"rendered":"https:\/\/www.unallarmakina.com.tr\/?page_id=1068"},"modified":"2022-04-03T10:05:39","modified_gmt":"2022-04-03T10:05:39","slug":"urun-gruplari","status":"publish","type":"page","link":"https:\/\/www.unallarmakina.com.tr\/ar\/urun-gruplari\/","title":{"rendered":"\u0645\u062c\u0645\u0648\u0639\u0627\u062a \u0627\u0644\u0645\u0646\u062a\u062c"},"content":{"rendered":"<div class=\"vc_row wpb_row position-relative pb-5 vc_custom_1648977769812 porto-inner-container\"><div class=\"porto-wrap-container container\"><div class=\"row\"><div class=\"text-center vc_column_container col-md-12\" data-appear-animation=\"fadeInUp\" data-appear-animation-delay=\"1000\"><div class=\"wpb_wrapper vc_column-inner\"><div class=\"vc_row wpb_row vc_inner row\"><div class=\"vc_column_container col-md-4\"><div class=\"wpb_wrapper vc_column-inner\"><div class=\"porto-image-frame\"><span class=\"thumb-info thumb-info-lighten\"><a href=\"https:\/\/www.unallarmakina.com.tr\/ar\/urun-gruplari\/hidrolik-uniteler\/\" title=\"\" target=\"_self\"><span class=\"thumb-info-wrapper\"><img loading=\"lazy\" decoding=\"async\" alt=\"\" src=\"\/\/www.unallarmakina.com.tr\/wp-content\/uploads\/2022\/04\/hidrolik-uniteler.jpg\" class=\"img-responsive\" width=\"600\" height=\"600\"><span class=\"thumb-info-title\"><span class=\"thumb-info-inner\">\u0627\u0644\u0648\u062d\u062f\u0627\u062a \u0627\u0644\u0647\u064a\u062f\u0631\u0648\u0644\u064a\u0643\u064a\u0629<em><\/em><\/span><span class=\"thumb-info-type\">\u0645\u0646\u062a\u062c\u0627\u062a<\/span><\/span><span class=\"thumb-info-action\"><span class=\"thumb-info-action-icon\"><i class=\"fas fa-link\"><\/i><\/span><\/span><\/span><\/a><\/span><\/div><\/div><\/div><div class=\"vc_column_container col-md-4\"><div class=\"wpb_wrapper vc_column-inner\"><div class=\"porto-image-frame\"><span class=\"thumb-info thumb-info-lighten\"><a href=\"https:\/\/www.unallarmakina.com.tr\/ar\/urun-gruplari\/hidrolik-silindirler\/\" title=\"\" target=\"_self\"><span class=\"thumb-info-wrapper\"><img loading=\"lazy\" decoding=\"async\" alt=\"\" src=\"\/\/www.unallarmakina.com.tr\/wp-content\/uploads\/2022\/04\/hidrolik-silindirler.jpg\" class=\"img-responsive\" width=\"600\" height=\"600\"><span class=\"thumb-info-title\"><span class=\"thumb-info-inner\">\u0627\u0633\u0637\u0648\u0627\u0646\u0627\u062a \u0647\u064a\u062f\u0631\u0648\u0644\u064a\u0643\u064a\u0629<em><\/em><\/span><span class=\"thumb-info-type\">\u0645\u0646\u062a\u062c\u0627\u062a<\/span><\/span><span class=\"thumb-info-action\"><span class=\"thumb-info-action-icon\"><i class=\"fas fa-link\"><\/i><\/span><\/span><\/span><\/a><\/span><\/div><\/div><\/div><div class=\"vc_column_container col-md-4\"><div class=\"wpb_wrapper vc_column-inner\"><div class=\"porto-image-frame\"><span class=\"thumb-info thumb-info-lighten\"><a href=\"https:\/\/www.unallarmakina.com.tr\/ar\/urun-gruplari\/hidrolik-pompalar\/\" title=\"\" target=\"_self\"><span class=\"thumb-info-wrapper\"><img loading=\"lazy\" decoding=\"async\" alt=\"\" src=\"\/\/www.unallarmakina.com.tr\/wp-content\/uploads\/2022\/04\/pompalar.jpg\" class=\"img-responsive\" width=\"600\" height=\"600\"><span class=\"thumb-info-title\"><span class=\"thumb-info-inner\">\u0645\u0636\u062e\u0627\u062a \u0647\u064a\u062f\u0631\u0648\u0644\u064a\u0643\u064a\u0629<em><\/em><\/span><span class=\"thumb-info-type\">\u0645\u0646\u062a\u062c\u0627\u062a<\/span><\/span><span class=\"thumb-info-action\"><span class=\"thumb-info-action-icon\"><i class=\"fas fa-link\"><\/i><\/span><\/span><\/span><\/a><\/span><\/div><\/div><\/div><\/div><div class=\"vc_row wpb_row vc_inner row\"><div class=\"vc_column_container col-md-2\"><div class=\"wpb_wrapper vc_column-inner\"><\/div><\/div><div class=\"vc_column_container col-md-4\"><div class=\"wpb_wrapper vc_column-inner\"><div class=\"porto-image-frame\"><span class=\"thumb-info thumb-info-lighten\"><a href=\"https:\/\/www.unallarmakina.com.tr\/ar\/urun-gruplari\/pnomatik-silindirler\/\" title=\"\" target=\"_self\"><span class=\"thumb-info-wrapper\"><img loading=\"lazy\" decoding=\"async\" alt=\"\" src=\"\/\/www.unallarmakina.com.tr\/wp-content\/uploads\/2022\/04\/pnomatik-silindirler.jpg\" class=\"img-responsive\" width=\"600\" height=\"600\"><span class=\"thumb-info-title\"><span class=\"thumb-info-inner\">\u0627\u0633\u0637\u0648\u0627\u0646\u0627\u062a \u062a\u0639\u0645\u0644 \u0628\u0627\u0644\u0647\u0648\u0627\u0621 \u0627\u0644\u0645\u0636\u063a\u0648\u0637<em><\/em><\/span><span class=\"thumb-info-type\">\u0645\u0646\u062a\u062c\u0627\u062a<\/span><\/span><span class=\"thumb-info-action\"><span class=\"thumb-info-action-icon\"><i class=\"fas fa-link\"><\/i><\/span><\/span><\/span><\/a><\/span><\/div><\/div><\/div><div class=\"vc_column_container col-md-4\"><div class=\"wpb_wrapper vc_column-inner\"><div class=\"porto-image-frame\"><span class=\"thumb-info thumb-info-lighten\"><a href=\"https:\/\/www.unallarmakina.com.tr\/ar\/urun-gruplari\/borular-miller\/\" title=\"\" target=\"_self\"><span class=\"thumb-info-wrapper\"><img loading=\"lazy\" decoding=\"async\" alt=\"\" src=\"\/\/www.unallarmakina.com.tr\/wp-content\/uploads\/2022\/04\/borular-miller.jpg\" class=\"img-responsive\" width=\"600\" height=\"600\"><span class=\"thumb-info-title\"><span class=\"thumb-info-inner\">\u0627\u0644\u0645\u0648\u0627\u0633\u064a\u0631 \u0648 \u0627\u0644\u0645\u064a\u0644<em><\/em><\/span><span class=\"thumb-info-type\">\u0645\u0646\u062a\u062c\u0627\u062a<\/span><\/span><span class=\"thumb-info-action\"><span class=\"thumb-info-action-icon\"><i class=\"fas fa-link\"><\/i><\/span><\/span><\/span><\/a><\/span><\/div><\/div><\/div><div class=\"vc_column_container col-md-2\"><div class=\"wpb_wrapper vc_column-inner\"><\/div><\/div><\/div><\/div><\/div><\/div><\/div><\/div>","protected":false},"excerpt":{"rendered":"Hidrolik \u00dcniteler\u00dcR\u00dcNLERHidrolik Silindirler\u00dcR\u00dcNLERHidrolik Pompalar\u00dcR\u00dcNLERPn\u00f6matik Silindirler\u00dcR\u00dcNLERBorular &amp; Miller\u00dcR\u00dcNLER","protected":false},"author":1,"featured_media":0,"parent":0,"menu_order":0,"comment_status":"closed","ping_status":"closed","template":"","meta":{"footnotes":""},"class_list":["post-1068","page","type-page","status-publish","hentry"],"_links":{"self":[{"href":"https:\/\/www.unallarmakina.com.tr\/ar\/wp-json\/wp\/v2\/pages\/1068","targetHints":{"allow":["GET"]}}],"collection":[{"href":"https:\/\/www.unallarmakina.com.tr\/ar\/wp-json\/wp\/v2\/pages"}],"about":[{"href":"https:\/\/www.unallarmakina.com.tr\/ar\/wp-json\/wp\/v2\/types\/page"}],"author":[{"embeddable":true,"href":"https:\/\/www.unallarmakina.com.tr\/ar\/wp-json\/wp\/v2\/users\/1"}],"replies":[{"embeddable":true,"href":"https:\/\/www.unallarmakina.com.tr\/ar\/wp-json\/wp\/v2\/comments?post=1068"}],"version-history":[{"count":5,"href":"https:\/\/www.unallarmakina.com.tr\/ar\/wp-json\/wp\/v2\/pages\/1068\/revisions"}],"predecessor-version":[{"id":1210,"href":"https:\/\/www.unallarmakina.com.tr\/ar\/wp-json\/wp\/v2\/pages\/1068\/revisions\/1210"}],"wp:attachment":[{"href":"https:\/\/www.unallarmakina.com.tr\/ar\/wp-json\/wp\/v2\/media?parent=1068"}],"curies":[{"name":"wp","href":"https:\/\/api.w.org\/{rel}","templated":true}]}}